{"id":11987,"date":"2025-09-28T14:00:55","date_gmt":"2025-09-28T13:00:55","guid":{"rendered":"https:\/\/byelines.dk\/?post_type=product&#038;p=11987"},"modified":"2026-01-18T09:52:11","modified_gmt":"2026-01-18T08:52:11","slug":"madam-graeskar-vaffelflettet-kurvetaske-blaa-natur","status":"publish","type":"product","link":"https:\/\/byelines.dk\/de\/produkt\/madam-graeskar-vaffelflettet-kurvetaske-blaa-natur\/","title":{"rendered":"Madam Pumpkin Waffelgewebte Korbtasche \u2013 blau\/natur"},"content":{"rendered":"<p>Die K\u00f6rbe bestehen aus Gras und anderen Naturmaterialien. Sie sind handgefertigt und k\u00f6nnen in Gr\u00f6\u00dfe und Farbe leicht variieren. Die K\u00f6rbe haben eine stabile Form und die Ecken sind mit Leder verst\u00e4rkt. Auch die Henkel sind aus Leder gen\u00e4ht, wodurch sie weich und angenehm zu tragen sind.<\/p>\n<p>Die K\u00f6rbe haben innen ein d\u00fcnnes St\u00fcck Baumwolle in passender Farbe, das man wie einen Deckel schn\u00fcren kann.<\/p>\n<p>Bei den Ma\u00dfen handelt es sich um ungef\u00e4hre Ma\u00dfe, da es bei handgefertigten Artikeln immer zu geringf\u00fcgigen Abweichungen kommen kann.<\/p>\n<p>Handgefertigt aus nat\u00fcrlichen Materialien<\/p>\n<p>Bei den Ma\u00dfangaben handelt es sich um ca.-Ma\u00dfe inkl. handhaben<\/p>\n<p>Gro\u00df: Grundfl\u00e4che 33 x 17 cm, H\u00f6he 46 cm<\/p>\n<p>&nbsp;<\/p>\n<p>Brand: Madam Gr\u00e6skar<\/p>","protected":false},"excerpt":{"rendered":"<p>Madam Pumpkin \u2013 Waffel-Korbtasche mit geflochtenem Muster, blau kariert<\/p>","protected":false},"featured_media":11990,"template":"","meta":[],"product_brand":[],"product_cat":[59,65],"product_tag":[],"class_list":{"0":"post-11987","1":"product","2":"type-product","3":"status-publish","4":"has-post-thumbnail","6":"product_cat-madam-graeskar-kurvetasker","7":"product_cat-madam-graeskar-strikkekurve","9":"first","10":"instock","11":"taxable","12":"shipping-taxable","13":"purchasable","14":"product-type-variable"},"yoast_head":"<!-- This site is optimized with the Yoast SEO plugin v27.5 - https:\/\/yoast.com\/product\/yoast-seo-wordpress\/ -->\n<title>Madam Gr\u00e6skar vaffelflettet kurvetaske - bl\u00e5\/natur - BY Elines<\/title>\n<meta name=\"description\" content=\"Madam Gr\u00e6skar sildebensflettet kurvetaske lavet af Gr\u00e6s, l\u00e6der og bommuld.Kurvene har en stabil form, og hj\u00f8rnerne er forst\u00e6rkede med l\u00e6der. - BY Elines\" \/>\n<meta name=\"robots\" content=\"index, follow, max-snippet:-1, max-image-preview:large, max-video-preview:-1\" \/>\n<link rel=\"canonical\" href=\"https:\/\/byelines.dk\/de\/produkt\/madam-graeskar-vaffelflettet-kurvetaske-blaa-natur\/\" \/>\n<meta property=\"og:locale\" content=\"de_DE\" \/>\n<meta property=\"og:type\" content=\"article\" \/>\n<meta property=\"og:title\" content=\"Madam Gr\u00e6skar vaffelflettet kurvetaske - bl\u00e5\/natur - BY Elines\" \/>\n<meta property=\"og:description\" content=\"Madam Gr\u00e6skar sildebensflettet kurvetaske lavet af Gr\u00e6s, l\u00e6der og bommuld.Kurvene har en stabil form, og hj\u00f8rnerne er forst\u00e6rkede med l\u00e6der. - BY Elines\" \/>\n<meta property=\"og:url\" content=\"https:\/\/byelines.dk\/de\/produkt\/madam-graeskar-vaffelflettet-kurvetaske-blaa-natur\/\" \/>\n<meta property=\"og:site_name\" content=\"BY Elines\" \/>\n<meta property=\"article:publisher\" content=\"https:\/\/www.facebook.com\/elineskeramik-retro\" \/>\n<meta property=\"article:modified_time\" content=\"2026-01-18T08:52:11+00:00\" \/>\n<meta property=\"og:image\" content=\"https:\/\/byelines.dk\/wp-content\/uploads\/2025\/09\/Madam-Graeskar-vaffel-blaaC016.jpg\" \/>\n\t<meta property=\"og:image:width\" content=\"1530\" \/>\n\t<meta property=\"og:image:height\" content=\"1578\" \/>\n\t<meta property=\"og:image:type\" content=\"image\/jpeg\" \/>\n<meta name=\"twitter:card\" content=\"summary_large_image\" \/>\n<meta name=\"twitter:label1\" content=\"Gesch\u00e4tzte Lesezeit\" \/>\n\t<meta name=\"twitter:data1\" content=\"1\u00a0Minute\" \/>\n<script type=\"application\/ld+json\" class=\"yoast-schema-graph\">{\"@context\":\"https:\\\/\\\/schema.org\",\"@graph\":[{\"@type\":\"WebPage\",\"@id\":\"https:\\\/\\\/byelines.dk\\\/vare\\\/madam-graeskar-vaffelflettet-kurvetaske-blaa-natur\\\/\",\"url\":\"https:\\\/\\\/byelines.dk\\\/vare\\\/madam-graeskar-vaffelflettet-kurvetaske-blaa-natur\\\/\",\"name\":\"Madam Gr\u00e6skar vaffelflettet kurvetaske - bl\u00e5\\\/natur - BY Elines\",\"isPartOf\":{\"@id\":\"https:\\\/\\\/byelines.dk\\\/#website\"},\"primaryImageOfPage\":{\"@id\":\"https:\\\/\\\/byelines.dk\\\/vare\\\/madam-graeskar-vaffelflettet-kurvetaske-blaa-natur\\\/#primaryimage\"},\"image\":{\"@id\":\"https:\\\/\\\/byelines.dk\\\/vare\\\/madam-graeskar-vaffelflettet-kurvetaske-blaa-natur\\\/#primaryimage\"},\"thumbnailUrl\":\"https:\\\/\\\/byelines.dk\\\/wp-content\\\/uploads\\\/2025\\\/09\\\/Madam-Graeskar-vaffel-blaaC016.jpg\",\"datePublished\":\"2025-09-28T13:00:55+00:00\",\"dateModified\":\"2026-01-18T08:52:11+00:00\",\"description\":\"Madam Gr\u00e6skar sildebensflettet kurvetaske lavet af Gr\u00e6s, l\u00e6der og bommuld.Kurvene har en stabil form, og hj\u00f8rnerne er forst\u00e6rkede med l\u00e6der. - BY Elines\",\"breadcrumb\":{\"@id\":\"https:\\\/\\\/byelines.dk\\\/vare\\\/madam-graeskar-vaffelflettet-kurvetaske-blaa-natur\\\/#breadcrumb\"},\"inLanguage\":\"de\",\"potentialAction\":[{\"@type\":\"ReadAction\",\"target\":[\"https:\\\/\\\/byelines.dk\\\/vare\\\/madam-graeskar-vaffelflettet-kurvetaske-blaa-natur\\\/\"]}]},{\"@type\":\"ImageObject\",\"inLanguage\":\"de\",\"@id\":\"https:\\\/\\\/byelines.dk\\\/vare\\\/madam-graeskar-vaffelflettet-kurvetaske-blaa-natur\\\/#primaryimage\",\"url\":\"https:\\\/\\\/byelines.dk\\\/wp-content\\\/uploads\\\/2025\\\/09\\\/Madam-Graeskar-vaffel-blaaC016.jpg\",\"contentUrl\":\"https:\\\/\\\/byelines.dk\\\/wp-content\\\/uploads\\\/2025\\\/09\\\/Madam-Graeskar-vaffel-blaaC016.jpg\",\"width\":1530,\"height\":1578},{\"@type\":\"BreadcrumbList\",\"@id\":\"https:\\\/\\\/byelines.dk\\\/vare\\\/madam-graeskar-vaffelflettet-kurvetaske-blaa-natur\\\/#breadcrumb\",\"itemListElement\":[{\"@type\":\"ListItem\",\"position\":1,\"name\":\"Hjem\",\"item\":\"https:\\\/\\\/byelines.dk\\\/\"},{\"@type\":\"ListItem\",\"position\":2,\"name\":\"Shop\",\"item\":\"https:\\\/\\\/byelines.dk\\\/livstils-webshop\\\/\"},{\"@type\":\"ListItem\",\"position\":3,\"name\":\"Madam Gr\u00e6skar vaffelflettet kurvetaske &#8211; bl\u00e5\\\/natur\"}]},{\"@type\":\"WebSite\",\"@id\":\"https:\\\/\\\/byelines.dk\\\/#website\",\"url\":\"https:\\\/\\\/byelines.dk\\\/\",\"name\":\"BY Elines\",\"description\":\"interi\u00f8r, design, strikketilbeh\u00f8r og fairtrade produkter\",\"publisher\":{\"@id\":\"https:\\\/\\\/byelines.dk\\\/#organization\"},\"potentialAction\":[{\"@type\":\"SearchAction\",\"target\":{\"@type\":\"EntryPoint\",\"urlTemplate\":\"https:\\\/\\\/byelines.dk\\\/?s={search_term_string}\"},\"query-input\":{\"@type\":\"PropertyValueSpecification\",\"valueRequired\":true,\"valueName\":\"search_term_string\"}}],\"inLanguage\":\"de\"},{\"@type\":\"Organization\",\"@id\":\"https:\\\/\\\/byelines.dk\\\/#organization\",\"name\":\"BY Elines\",\"url\":\"https:\\\/\\\/byelines.dk\\\/\",\"logo\":{\"@type\":\"ImageObject\",\"inLanguage\":\"de\",\"@id\":\"https:\\\/\\\/byelines.dk\\\/#\\\/schema\\\/logo\\\/image\\\/\",\"url\":\"https:\\\/\\\/byelines.dk\\\/wp-content\\\/uploads\\\/2022\\\/02\\\/udkast-til-logo.png\",\"contentUrl\":\"https:\\\/\\\/byelines.dk\\\/wp-content\\\/uploads\\\/2022\\\/02\\\/udkast-til-logo.png\",\"width\":428,\"height\":181,\"caption\":\"BY Elines\"},\"image\":{\"@id\":\"https:\\\/\\\/byelines.dk\\\/#\\\/schema\\\/logo\\\/image\\\/\"},\"sameAs\":[\"https:\\\/\\\/www.facebook.com\\\/elineskeramik-retro\",\"https:\\\/\\\/www.instagram.com\\\/elines_keramik_retro\\\/\"]}]}<\/script>\n<!-- \/ Yoast SEO plugin. -->","yoast_head_json":{"title":"Madam Pumpkin Waffelkorbtasche \u2013 blau\/natur \u2013 von Elines","description":"Die Korbtasche \u201eMadam Pumpkin\u201c im Fischgr\u00e4tmuster ist aus Gras, Leder und Baumwolle gefertigt. Die K\u00f6rbe sind formstabil und die Ecken mit Leder verst\u00e4rkt. \u2013 Von Elines","robots":{"index":"index","follow":"follow","max-snippet":"max-snippet:-1","max-image-preview":"max-image-preview:large","max-video-preview":"max-video-preview:-1"},"canonical":"https:\/\/byelines.dk\/de\/produkt\/madam-graeskar-vaffelflettet-kurvetaske-blaa-natur\/","og_locale":"de_DE","og_type":"article","og_title":"Madam Gr\u00e6skar vaffelflettet kurvetaske - bl\u00e5\/natur - BY Elines","og_description":"Madam Gr\u00e6skar sildebensflettet kurvetaske lavet af Gr\u00e6s, l\u00e6der og bommuld.Kurvene har en stabil form, og hj\u00f8rnerne er forst\u00e6rkede med l\u00e6der. - BY Elines","og_url":"https:\/\/byelines.dk\/de\/produkt\/madam-graeskar-vaffelflettet-kurvetaske-blaa-natur\/","og_site_name":"BY Elines","article_publisher":"https:\/\/www.facebook.com\/elineskeramik-retro","article_modified_time":"2026-01-18T08:52:11+00:00","og_image":[{"width":1530,"height":1578,"url":"https:\/\/byelines.dk\/wp-content\/uploads\/2025\/09\/Madam-Graeskar-vaffel-blaaC016.jpg","type":"image\/jpeg"}],"twitter_card":"summary_large_image","twitter_misc":{"Gesch\u00e4tzte Lesezeit":"1\u00a0Minute"},"schema":{"@context":"https:\/\/schema.org","@graph":[{"@type":"WebPage","@id":"https:\/\/byelines.dk\/vare\/madam-graeskar-vaffelflettet-kurvetaske-blaa-natur\/","url":"https:\/\/byelines.dk\/vare\/madam-graeskar-vaffelflettet-kurvetaske-blaa-natur\/","name":"Madam Pumpkin Waffelkorbtasche \u2013 blau\/natur \u2013 von Elines","isPartOf":{"@id":"https:\/\/byelines.dk\/#website"},"primaryImageOfPage":{"@id":"https:\/\/byelines.dk\/vare\/madam-graeskar-vaffelflettet-kurvetaske-blaa-natur\/#primaryimage"},"image":{"@id":"https:\/\/byelines.dk\/vare\/madam-graeskar-vaffelflettet-kurvetaske-blaa-natur\/#primaryimage"},"thumbnailUrl":"https:\/\/byelines.dk\/wp-content\/uploads\/2025\/09\/Madam-Graeskar-vaffel-blaaC016.jpg","datePublished":"2025-09-28T13:00:55+00:00","dateModified":"2026-01-18T08:52:11+00:00","description":"Die Korbtasche \u201eMadam Pumpkin\u201c im Fischgr\u00e4tmuster ist aus Gras, Leder und Baumwolle gefertigt. Die K\u00f6rbe sind formstabil und die Ecken mit Leder verst\u00e4rkt. \u2013 Von Elines","breadcrumb":{"@id":"https:\/\/byelines.dk\/vare\/madam-graeskar-vaffelflettet-kurvetaske-blaa-natur\/#breadcrumb"},"inLanguage":"de","potentialAction":[{"@type":"ReadAction","target":["https:\/\/byelines.dk\/vare\/madam-graeskar-vaffelflettet-kurvetaske-blaa-natur\/"]}]},{"@type":"ImageObject","inLanguage":"de","@id":"https:\/\/byelines.dk\/vare\/madam-graeskar-vaffelflettet-kurvetaske-blaa-natur\/#primaryimage","url":"https:\/\/byelines.dk\/wp-content\/uploads\/2025\/09\/Madam-Graeskar-vaffel-blaaC016.jpg","contentUrl":"https:\/\/byelines.dk\/wp-content\/uploads\/2025\/09\/Madam-Graeskar-vaffel-blaaC016.jpg","width":1530,"height":1578},{"@type":"BreadcrumbList","@id":"https:\/\/byelines.dk\/vare\/madam-graeskar-vaffelflettet-kurvetaske-blaa-natur\/#breadcrumb","itemListElement":[{"@type":"ListItem","position":1,"name":"Hjem","item":"https:\/\/byelines.dk\/"},{"@type":"ListItem","position":2,"name":"Shop","item":"https:\/\/byelines.dk\/livstils-webshop\/"},{"@type":"ListItem","position":3,"name":"Madam Gr\u00e6skar vaffelflettet kurvetaske &#8211; bl\u00e5\/natur"}]},{"@type":"WebSite","@id":"https:\/\/byelines.dk\/#website","url":"https:\/\/byelines.dk\/","name":"BY Elines","description":"Interieur, Design, Strickaccessoires und Fair-Trade-Produkte","publisher":{"@id":"https:\/\/byelines.dk\/#organization"},"potentialAction":[{"@type":"SearchAction","target":{"@type":"EntryPoint","urlTemplate":"https:\/\/byelines.dk\/?s={search_term_string}"},"query-input":{"@type":"PropertyValueSpecification","valueRequired":true,"valueName":"search_term_string"}}],"inLanguage":"de"},{"@type":"Organization","@id":"https:\/\/byelines.dk\/#organization","name":"BY Elines","url":"https:\/\/byelines.dk\/","logo":{"@type":"ImageObject","inLanguage":"de","@id":"https:\/\/byelines.dk\/#\/schema\/logo\/image\/","url":"https:\/\/byelines.dk\/wp-content\/uploads\/2022\/02\/udkast-til-logo.png","contentUrl":"https:\/\/byelines.dk\/wp-content\/uploads\/2022\/02\/udkast-til-logo.png","width":428,"height":181,"caption":"BY Elines"},"image":{"@id":"https:\/\/byelines.dk\/#\/schema\/logo\/image\/"},"sameAs":["https:\/\/www.facebook.com\/elineskeramik-retro","https:\/\/www.instagram.com\/elines_keramik_retro\/"]}]}},"_links":{"self":[{"href":"https:\/\/byelines.dk\/de\/wp-json\/wp\/v2\/product\/11987","targetHints":{"allow":["GET"]}}],"collection":[{"href":"https:\/\/byelines.dk\/de\/wp-json\/wp\/v2\/product"}],"about":[{"href":"https:\/\/byelines.dk\/de\/wp-json\/wp\/v2\/types\/product"}],"version-history":[{"count":1,"href":"https:\/\/byelines.dk\/de\/wp-json\/wp\/v2\/product\/11987\/revisions"}],"predecessor-version":[{"id":11991,"href":"https:\/\/byelines.dk\/de\/wp-json\/wp\/v2\/product\/11987\/revisions\/11991"}],"wp:featuredmedia":[{"embeddable":true,"href":"https:\/\/byelines.dk\/de\/wp-json\/wp\/v2\/media\/11990"}],"wp:attachment":[{"href":"https:\/\/byelines.dk\/de\/wp-json\/wp\/v2\/media?parent=11987"}],"wp:term":[{"taxonomy":"product_brand","embeddable":true,"href":"https:\/\/byelines.dk\/de\/wp-json\/wp\/v2\/product_brand?post=11987"},{"taxonomy":"product_cat","embeddable":true,"href":"https:\/\/byelines.dk\/de\/wp-json\/wp\/v2\/product_cat?post=11987"},{"taxonomy":"product_tag","embeddable":true,"href":"https:\/\/byelines.dk\/de\/wp-json\/wp\/v2\/product_tag?post=11987"}],"curies":[{"name":"wp","href":"https:\/\/api.w.org\/{rel}","templated":true}]}}