{"id":4563,"date":"2021-02-16T18:21:24","date_gmt":"2021-02-16T18:21:24","guid":{"rendered":"https:\/\/byelines.dk\/?post_type=product&#038;p=4563"},"modified":"2025-06-07T14:47:33","modified_gmt":"2025-06-07T14:47:33","slug":"oekologisk-viskestykke-anemone-moenster-koustrup","status":"publish","type":"product","link":"https:\/\/byelines.dk\/de\/produkt\/oekologisk-viskestykke-anemone-moenster-koustrup\/","title":{"rendered":"Bio-Geschirrtuch von Koustrup \u2013 Anemonenmuster"},"content":{"rendered":"<p>Geschirrtuch aus Bio-Baumwolle von Koustrup mit einem grafischen Muster aus fr\u00fchlingsblauen Anemonen, illustriert von Marianne Scheel.<\/p>\n<p>Das Geschirrtuch hat die Ma\u00dfe 48\u00d770 cm und kann bei 40 Grad gewaschen werden.<\/p>\n<p>Die verwendeten Druckfarben sind wasserbasiert.<\/p>\n<div class=\"product-main\">\n<div class=\"property product-summary\">\n<p>Das Produkt wird einzeln verpackt und in biologisch abbaubarem Zellophan geliefert.<\/p>\n<\/div>\n<\/div>\n<div id=\"variant-price\" class=\"variant-property product-main\">\n<div class=\"property choice price id6381 id-main\">\n<div class=\"prices-list\"><\/div>\n<\/div>\n<\/div>","protected":false},"excerpt":{"rendered":"<p>Geschirrtuch aus Bio-Baumwolle mit einem grafischen Muster der blauen Anemone des Fr\u00fchlings, illustriert von Marianne Scheel.<\/p>","protected":false},"featured_media":4566,"template":"","meta":[],"product_brand":[],"product_cat":[20],"product_tag":[],"class_list":{"0":"post-4563","1":"product","2":"type-product","3":"status-publish","4":"has-post-thumbnail","6":"product_cat-kurve-og-bolig-interioer","8":"first","9":"instock","10":"taxable","11":"shipping-taxable","12":"purchasable","13":"product-type-simple"},"yoast_head":"<!-- This site is optimized with the Yoast SEO plugin v27.5 - https:\/\/yoast.com\/product\/yoast-seo-wordpress\/ -->\n<title>\u00d8kologisk viskestykke fra Koustrup - Anemone m\u00f8nster - BY Elines<\/title>\n<meta name=\"description\" content=\"\u00d8kologisk bomuldsviskestykke fra Koustrup med grafisk m\u00f8nster af for\u00e5rets bl\u00e5 anemone, som er illustreret af Marianne Scheel. Viskestykket m\u00e5ler 48x70 cm\" \/>\n<meta name=\"robots\" content=\"index, follow, max-snippet:-1, max-image-preview:large, max-video-preview:-1\" \/>\n<link rel=\"canonical\" href=\"https:\/\/byelines.dk\/de\/produkt\/oekologisk-viskestykke-anemone-moenster-koustrup\/\" \/>\n<meta property=\"og:locale\" content=\"de_DE\" \/>\n<meta property=\"og:type\" content=\"article\" \/>\n<meta property=\"og:title\" content=\"\u00d8kologisk viskestykke fra Koustrup - Anemone m\u00f8nster - BY Elines\" \/>\n<meta property=\"og:description\" content=\"\u00d8kologisk bomuldsviskestykke fra Koustrup med grafisk m\u00f8nster af for\u00e5rets bl\u00e5 anemone, som er illustreret af Marianne Scheel. Viskestykket m\u00e5ler 48x70 cm\" \/>\n<meta property=\"og:url\" content=\"https:\/\/byelines.dk\/de\/produkt\/oekologisk-viskestykke-anemone-moenster-koustrup\/\" \/>\n<meta property=\"og:site_name\" content=\"BY Elines\" \/>\n<meta property=\"article:publisher\" content=\"https:\/\/www.facebook.com\/elineskeramik-retro\" \/>\n<meta property=\"article:modified_time\" content=\"2025-06-07T14:47:33+00:00\" \/>\n<meta property=\"og:image\" content=\"https:\/\/byelines.dk\/wp-content\/uploads\/2021\/02\/Viskestykke-moenster-anemone-web.jpg\" \/>\n\t<meta property=\"og:image:width\" content=\"800\" \/>\n\t<meta property=\"og:image:height\" content=\"799\" \/>\n\t<meta property=\"og:image:type\" content=\"image\/jpeg\" \/>\n<meta name=\"twitter:card\" content=\"summary_large_image\" \/>\n<meta name=\"twitter:label1\" content=\"Gesch\u00e4tzte Lesezeit\" \/>\n\t<meta name=\"twitter:data1\" content=\"1\u00a0Minute\" \/>\n<script type=\"application\/ld+json\" class=\"yoast-schema-graph\">{\"@context\":\"https:\\\/\\\/schema.org\",\"@graph\":[{\"@type\":\"WebPage\",\"@id\":\"https:\\\/\\\/byelines.dk\\\/vare\\\/oekologisk-viskestykke-anemone-moenster-koustrup\\\/\",\"url\":\"https:\\\/\\\/byelines.dk\\\/vare\\\/oekologisk-viskestykke-anemone-moenster-koustrup\\\/\",\"name\":\"\u00d8kologisk viskestykke fra Koustrup - Anemone m\u00f8nster - BY Elines\",\"isPartOf\":{\"@id\":\"https:\\\/\\\/byelines.dk\\\/#website\"},\"primaryImageOfPage\":{\"@id\":\"https:\\\/\\\/byelines.dk\\\/vare\\\/oekologisk-viskestykke-anemone-moenster-koustrup\\\/#primaryimage\"},\"image\":{\"@id\":\"https:\\\/\\\/byelines.dk\\\/vare\\\/oekologisk-viskestykke-anemone-moenster-koustrup\\\/#primaryimage\"},\"thumbnailUrl\":\"https:\\\/\\\/byelines.dk\\\/wp-content\\\/uploads\\\/2021\\\/02\\\/Viskestykke-moenster-anemone-web.jpg\",\"datePublished\":\"2021-02-16T18:21:24+00:00\",\"dateModified\":\"2025-06-07T14:47:33+00:00\",\"description\":\"\u00d8kologisk bomuldsviskestykke fra Koustrup med grafisk m\u00f8nster af for\u00e5rets bl\u00e5 anemone, som er illustreret af Marianne Scheel. Viskestykket m\u00e5ler 48x70 cm\",\"breadcrumb\":{\"@id\":\"https:\\\/\\\/byelines.dk\\\/vare\\\/oekologisk-viskestykke-anemone-moenster-koustrup\\\/#breadcrumb\"},\"inLanguage\":\"de\",\"potentialAction\":[{\"@type\":\"ReadAction\",\"target\":[\"https:\\\/\\\/byelines.dk\\\/vare\\\/oekologisk-viskestykke-anemone-moenster-koustrup\\\/\"]}]},{\"@type\":\"ImageObject\",\"inLanguage\":\"de\",\"@id\":\"https:\\\/\\\/byelines.dk\\\/vare\\\/oekologisk-viskestykke-anemone-moenster-koustrup\\\/#primaryimage\",\"url\":\"https:\\\/\\\/byelines.dk\\\/wp-content\\\/uploads\\\/2021\\\/02\\\/Viskestykke-moenster-anemone-web.jpg\",\"contentUrl\":\"https:\\\/\\\/byelines.dk\\\/wp-content\\\/uploads\\\/2021\\\/02\\\/Viskestykke-moenster-anemone-web.jpg\",\"width\":800,\"height\":799},{\"@type\":\"BreadcrumbList\",\"@id\":\"https:\\\/\\\/byelines.dk\\\/vare\\\/oekologisk-viskestykke-anemone-moenster-koustrup\\\/#breadcrumb\",\"itemListElement\":[{\"@type\":\"ListItem\",\"position\":1,\"name\":\"Hjem\",\"item\":\"https:\\\/\\\/byelines.dk\\\/\"},{\"@type\":\"ListItem\",\"position\":2,\"name\":\"Shop\",\"item\":\"https:\\\/\\\/byelines.dk\\\/livstils-webshop\\\/\"},{\"@type\":\"ListItem\",\"position\":3,\"name\":\"\u00d8kologisk viskestykke fra Koustrup &#8211; Anemone m\u00f8nster\"}]},{\"@type\":\"WebSite\",\"@id\":\"https:\\\/\\\/byelines.dk\\\/#website\",\"url\":\"https:\\\/\\\/byelines.dk\\\/\",\"name\":\"BY Elines\",\"description\":\"interi\u00f8r, design, strikketilbeh\u00f8r og fairtrade produkter\",\"publisher\":{\"@id\":\"https:\\\/\\\/byelines.dk\\\/#organization\"},\"potentialAction\":[{\"@type\":\"SearchAction\",\"target\":{\"@type\":\"EntryPoint\",\"urlTemplate\":\"https:\\\/\\\/byelines.dk\\\/?s={search_term_string}\"},\"query-input\":{\"@type\":\"PropertyValueSpecification\",\"valueRequired\":true,\"valueName\":\"search_term_string\"}}],\"inLanguage\":\"de\"},{\"@type\":\"Organization\",\"@id\":\"https:\\\/\\\/byelines.dk\\\/#organization\",\"name\":\"BY Elines\",\"url\":\"https:\\\/\\\/byelines.dk\\\/\",\"logo\":{\"@type\":\"ImageObject\",\"inLanguage\":\"de\",\"@id\":\"https:\\\/\\\/byelines.dk\\\/#\\\/schema\\\/logo\\\/image\\\/\",\"url\":\"https:\\\/\\\/byelines.dk\\\/wp-content\\\/uploads\\\/2022\\\/02\\\/udkast-til-logo.png\",\"contentUrl\":\"https:\\\/\\\/byelines.dk\\\/wp-content\\\/uploads\\\/2022\\\/02\\\/udkast-til-logo.png\",\"width\":428,\"height\":181,\"caption\":\"BY Elines\"},\"image\":{\"@id\":\"https:\\\/\\\/byelines.dk\\\/#\\\/schema\\\/logo\\\/image\\\/\"},\"sameAs\":[\"https:\\\/\\\/www.facebook.com\\\/elineskeramik-retro\",\"https:\\\/\\\/www.instagram.com\\\/elines_keramik_retro\\\/\"]}]}<\/script>\n<!-- \/ Yoast SEO plugin. -->","yoast_head_json":{"title":"\u00d8kologisk viskestykke fra Koustrup - Anemone m\u00f8nster - BY Elines","description":"\u00d8kologisk bomuldsviskestykke fra Koustrup med grafisk m\u00f8nster af for\u00e5rets bl\u00e5 anemone, som er illustreret af Marianne Scheel. Viskestykket m\u00e5ler 48x70 cm","robots":{"index":"index","follow":"follow","max-snippet":"max-snippet:-1","max-image-preview":"max-image-preview:large","max-video-preview":"max-video-preview:-1"},"canonical":"https:\/\/byelines.dk\/de\/produkt\/oekologisk-viskestykke-anemone-moenster-koustrup\/","og_locale":"de_DE","og_type":"article","og_title":"\u00d8kologisk viskestykke fra Koustrup - Anemone m\u00f8nster - BY Elines","og_description":"\u00d8kologisk bomuldsviskestykke fra Koustrup med grafisk m\u00f8nster af for\u00e5rets bl\u00e5 anemone, som er illustreret af Marianne Scheel. Viskestykket m\u00e5ler 48x70 cm","og_url":"https:\/\/byelines.dk\/de\/produkt\/oekologisk-viskestykke-anemone-moenster-koustrup\/","og_site_name":"BY Elines","article_publisher":"https:\/\/www.facebook.com\/elineskeramik-retro","article_modified_time":"2025-06-07T14:47:33+00:00","og_image":[{"width":800,"height":799,"url":"https:\/\/byelines.dk\/wp-content\/uploads\/2021\/02\/Viskestykke-moenster-anemone-web.jpg","type":"image\/jpeg"}],"twitter_card":"summary_large_image","twitter_misc":{"Gesch\u00e4tzte Lesezeit":"1\u00a0Minute"},"schema":{"@context":"https:\/\/schema.org","@graph":[{"@type":"WebPage","@id":"https:\/\/byelines.dk\/vare\/oekologisk-viskestykke-anemone-moenster-koustrup\/","url":"https:\/\/byelines.dk\/vare\/oekologisk-viskestykke-anemone-moenster-koustrup\/","name":"\u00d8kologisk viskestykke fra Koustrup - Anemone m\u00f8nster - BY Elines","isPartOf":{"@id":"https:\/\/byelines.dk\/#website"},"primaryImageOfPage":{"@id":"https:\/\/byelines.dk\/vare\/oekologisk-viskestykke-anemone-moenster-koustrup\/#primaryimage"},"image":{"@id":"https:\/\/byelines.dk\/vare\/oekologisk-viskestykke-anemone-moenster-koustrup\/#primaryimage"},"thumbnailUrl":"https:\/\/byelines.dk\/wp-content\/uploads\/2021\/02\/Viskestykke-moenster-anemone-web.jpg","datePublished":"2021-02-16T18:21:24+00:00","dateModified":"2025-06-07T14:47:33+00:00","description":"\u00d8kologisk bomuldsviskestykke fra Koustrup med grafisk m\u00f8nster af for\u00e5rets bl\u00e5 anemone, som er illustreret af Marianne Scheel. Viskestykket m\u00e5ler 48x70 cm","breadcrumb":{"@id":"https:\/\/byelines.dk\/vare\/oekologisk-viskestykke-anemone-moenster-koustrup\/#breadcrumb"},"inLanguage":"de","potentialAction":[{"@type":"ReadAction","target":["https:\/\/byelines.dk\/vare\/oekologisk-viskestykke-anemone-moenster-koustrup\/"]}]},{"@type":"ImageObject","inLanguage":"de","@id":"https:\/\/byelines.dk\/vare\/oekologisk-viskestykke-anemone-moenster-koustrup\/#primaryimage","url":"https:\/\/byelines.dk\/wp-content\/uploads\/2021\/02\/Viskestykke-moenster-anemone-web.jpg","contentUrl":"https:\/\/byelines.dk\/wp-content\/uploads\/2021\/02\/Viskestykke-moenster-anemone-web.jpg","width":800,"height":799},{"@type":"BreadcrumbList","@id":"https:\/\/byelines.dk\/vare\/oekologisk-viskestykke-anemone-moenster-koustrup\/#breadcrumb","itemListElement":[{"@type":"ListItem","position":1,"name":"Hjem","item":"https:\/\/byelines.dk\/"},{"@type":"ListItem","position":2,"name":"Shop","item":"https:\/\/byelines.dk\/livstils-webshop\/"},{"@type":"ListItem","position":3,"name":"\u00d8kologisk viskestykke fra Koustrup &#8211; Anemone m\u00f8nster"}]},{"@type":"WebSite","@id":"https:\/\/byelines.dk\/#website","url":"https:\/\/byelines.dk\/","name":"BY Elines","description":"Interieur, Design, Strickaccessoires und Fair-Trade-Produkte","publisher":{"@id":"https:\/\/byelines.dk\/#organization"},"potentialAction":[{"@type":"SearchAction","target":{"@type":"EntryPoint","urlTemplate":"https:\/\/byelines.dk\/?s={search_term_string}"},"query-input":{"@type":"PropertyValueSpecification","valueRequired":true,"valueName":"search_term_string"}}],"inLanguage":"de"},{"@type":"Organization","@id":"https:\/\/byelines.dk\/#organization","name":"BY Elines","url":"https:\/\/byelines.dk\/","logo":{"@type":"ImageObject","inLanguage":"de","@id":"https:\/\/byelines.dk\/#\/schema\/logo\/image\/","url":"https:\/\/byelines.dk\/wp-content\/uploads\/2022\/02\/udkast-til-logo.png","contentUrl":"https:\/\/byelines.dk\/wp-content\/uploads\/2022\/02\/udkast-til-logo.png","width":428,"height":181,"caption":"BY Elines"},"image":{"@id":"https:\/\/byelines.dk\/#\/schema\/logo\/image\/"},"sameAs":["https:\/\/www.facebook.com\/elineskeramik-retro","https:\/\/www.instagram.com\/elines_keramik_retro\/"]}]}},"_links":{"self":[{"href":"https:\/\/byelines.dk\/de\/wp-json\/wp\/v2\/product\/4563","targetHints":{"allow":["GET"]}}],"collection":[{"href":"https:\/\/byelines.dk\/de\/wp-json\/wp\/v2\/product"}],"about":[{"href":"https:\/\/byelines.dk\/de\/wp-json\/wp\/v2\/types\/product"}],"version-history":[{"count":3,"href":"https:\/\/byelines.dk\/de\/wp-json\/wp\/v2\/product\/4563\/revisions"}],"predecessor-version":[{"id":7018,"href":"https:\/\/byelines.dk\/de\/wp-json\/wp\/v2\/product\/4563\/revisions\/7018"}],"wp:featuredmedia":[{"embeddable":true,"href":"https:\/\/byelines.dk\/de\/wp-json\/wp\/v2\/media\/4566"}],"wp:attachment":[{"href":"https:\/\/byelines.dk\/de\/wp-json\/wp\/v2\/media?parent=4563"}],"wp:term":[{"taxonomy":"product_brand","embeddable":true,"href":"https:\/\/byelines.dk\/de\/wp-json\/wp\/v2\/product_brand?post=4563"},{"taxonomy":"product_cat","embeddable":true,"href":"https:\/\/byelines.dk\/de\/wp-json\/wp\/v2\/product_cat?post=4563"},{"taxonomy":"product_tag","embeddable":true,"href":"https:\/\/byelines.dk\/de\/wp-json\/wp\/v2\/product_tag?post=4563"}],"curies":[{"name":"wp","href":"https:\/\/api.w.org\/{rel}","templated":true}]}}