{"id":4570,"date":"2021-02-16T18:48:33","date_gmt":"2021-02-16T18:48:33","guid":{"rendered":"https:\/\/byelines.dk\/?post_type=product&#038;p=4570"},"modified":"2025-06-07T14:47:01","modified_gmt":"2025-06-07T14:47:01","slug":"pude-amaryllis-rosa-bordeaux-m-andeduns-fyld-koustrup","status":"publish","type":"product","link":"https:\/\/byelines.dk\/de\/produkt\/pude-amaryllis-rosa-bordeaux-m-andeduns-fyld-koustrup\/","title":{"rendered":"Kissen Amaryllis rosa\/burgunderrot mit Entendaunenf\u00fcllung von Koustrup"},"content":{"rendered":"<p>Brauchen Sie eine Erneuerung im Sofa, auf der Bank, im Sessel oder im Schlafzimmer?<\/p>\n<p>Dieses elegante Kissen von Koustrup aus Bio-Baumwolle wird Ihr Zuhause mit Sicherheit schm\u00fccken.<\/p>\n<p>Der Kissenbezug in den Farben Rosa, Bordeaux und Gr\u00fcn mit wundersch\u00f6ner Amaryllis ist weich und bequem. Der Bezug ist hochwertig und aus Bio-Baumwolle gefertigt.<\/p>\n<p>Die R\u00fcckseite des Bezuges besteht aus dunkelgr\u00fcnem Bio-Baumwollvelours und hat unten ebenfalls einen versteckten Rei\u00dfverschluss.<\/p>\n<p>\u2022 Ma\u00dfe: 48 x 48 cm.<\/p>\n<p>\u2022 Bio-Baumwolle<\/p>\n<p>\u2022 R\u00fcckseite aus Bio-Baumwollvelours<\/p>\n<div class=\"product-main\">\n<div class=\"property product-summary\">\n<p>\u2022 Waschmaschinenfest<\/p>\n<\/div>\n<\/div>\n<div id=\"variant-price\" class=\"variant-property product-main\">\n<div class=\"property choice price id6127 id-main\">\n<div class=\"prices-list\">Das Innenkissen besteht aus umweltfreundlichen Entendaunen, hergestellt in D\u00e4nemark und maschinenwaschbar bei 30 Grad<\/div>\n<\/div>\n<\/div>\n<p>&nbsp;<\/p>","protected":false},"excerpt":{"rendered":"<p>Das Kissen in den Farben Rosa, Burgunderrot und Gr\u00fcn mit wundersch\u00f6ner Amaryllis ist weich und bequem. Hergestellt aus Bio-Baumwolle mit Entendaunenf\u00fcllung<\/p>","protected":false},"featured_media":4571,"template":"","meta":[],"product_brand":[],"product_cat":[20],"product_tag":[],"class_list":{"0":"post-4570","1":"product","2":"type-product","3":"status-publish","4":"has-post-thumbnail","6":"product_cat-kurve-og-bolig-interioer","8":"first","9":"instock","10":"sale","11":"taxable","12":"shipping-taxable","13":"purchasable","14":"product-type-simple"},"yoast_head":"<!-- This site is optimized with the Yoast SEO plugin v27.5 - https:\/\/yoast.com\/product\/yoast-seo-wordpress\/ -->\n<title>Pude Amaryllis rosa\/bordeaux m. andeduns fyld fra Koustrup - BY Elines<\/title>\n<meta name=\"description\" content=\"Pude fra Koustrup - rosa, bordeaux og gr\u00f8nne farver med flot Amaryllis er bl\u00f8dt og behageligt Fremstillet i \u00f8kologisk bomuld, med fyld af andedun\" \/>\n<meta name=\"robots\" content=\"index, follow, max-snippet:-1, max-image-preview:large, max-video-preview:-1\" \/>\n<link rel=\"canonical\" href=\"https:\/\/byelines.dk\/de\/produkt\/pude-amaryllis-rosa-bordeaux-m-andeduns-fyld-koustrup\/\" \/>\n<meta property=\"og:locale\" content=\"de_DE\" \/>\n<meta property=\"og:type\" content=\"article\" \/>\n<meta property=\"og:title\" content=\"Pude Amaryllis rosa\/bordeaux m. andeduns fyld fra Koustrup - BY Elines\" \/>\n<meta property=\"og:description\" content=\"Pude fra Koustrup - rosa, bordeaux og gr\u00f8nne farver med flot Amaryllis er bl\u00f8dt og behageligt Fremstillet i \u00f8kologisk bomuld, med fyld af andedun\" \/>\n<meta property=\"og:url\" content=\"https:\/\/byelines.dk\/de\/produkt\/pude-amaryllis-rosa-bordeaux-m-andeduns-fyld-koustrup\/\" \/>\n<meta property=\"og:site_name\" content=\"BY Elines\" \/>\n<meta property=\"article:publisher\" content=\"https:\/\/www.facebook.com\/elineskeramik-retro\" \/>\n<meta property=\"article:modified_time\" content=\"2025-06-07T14:47:01+00:00\" \/>\n<meta property=\"og:image\" content=\"https:\/\/byelines.dk\/wp-content\/uploads\/2021\/02\/Pude-amaryllis-1-web.jpeg\" \/>\n\t<meta property=\"og:image:width\" content=\"1000\" \/>\n\t<meta property=\"og:image:height\" content=\"974\" \/>\n\t<meta property=\"og:image:type\" content=\"image\/jpeg\" \/>\n<meta name=\"twitter:card\" content=\"summary_large_image\" \/>\n<meta name=\"twitter:label1\" content=\"Gesch\u00e4tzte Lesezeit\" \/>\n\t<meta name=\"twitter:data1\" content=\"1\u00a0Minute\" \/>\n<script type=\"application\/ld+json\" class=\"yoast-schema-graph\">{\"@context\":\"https:\\\/\\\/schema.org\",\"@graph\":[{\"@type\":\"WebPage\",\"@id\":\"https:\\\/\\\/byelines.dk\\\/vare\\\/pude-amaryllis-rosa-bordeaux-m-andeduns-fyld-koustrup\\\/\",\"url\":\"https:\\\/\\\/byelines.dk\\\/vare\\\/pude-amaryllis-rosa-bordeaux-m-andeduns-fyld-koustrup\\\/\",\"name\":\"Pude Amaryllis rosa\\\/bordeaux m. andeduns fyld fra Koustrup - BY Elines\",\"isPartOf\":{\"@id\":\"https:\\\/\\\/byelines.dk\\\/#website\"},\"primaryImageOfPage\":{\"@id\":\"https:\\\/\\\/byelines.dk\\\/vare\\\/pude-amaryllis-rosa-bordeaux-m-andeduns-fyld-koustrup\\\/#primaryimage\"},\"image\":{\"@id\":\"https:\\\/\\\/byelines.dk\\\/vare\\\/pude-amaryllis-rosa-bordeaux-m-andeduns-fyld-koustrup\\\/#primaryimage\"},\"thumbnailUrl\":\"https:\\\/\\\/byelines.dk\\\/wp-content\\\/uploads\\\/2021\\\/02\\\/Pude-amaryllis-1-web.jpeg\",\"datePublished\":\"2021-02-16T18:48:33+00:00\",\"dateModified\":\"2025-06-07T14:47:01+00:00\",\"description\":\"Pude fra Koustrup - rosa, bordeaux og gr\u00f8nne farver med flot Amaryllis er bl\u00f8dt og behageligt Fremstillet i \u00f8kologisk bomuld, med fyld af andedun\",\"breadcrumb\":{\"@id\":\"https:\\\/\\\/byelines.dk\\\/vare\\\/pude-amaryllis-rosa-bordeaux-m-andeduns-fyld-koustrup\\\/#breadcrumb\"},\"inLanguage\":\"de\",\"potentialAction\":[{\"@type\":\"ReadAction\",\"target\":[\"https:\\\/\\\/byelines.dk\\\/vare\\\/pude-amaryllis-rosa-bordeaux-m-andeduns-fyld-koustrup\\\/\"]}]},{\"@type\":\"ImageObject\",\"inLanguage\":\"de\",\"@id\":\"https:\\\/\\\/byelines.dk\\\/vare\\\/pude-amaryllis-rosa-bordeaux-m-andeduns-fyld-koustrup\\\/#primaryimage\",\"url\":\"https:\\\/\\\/byelines.dk\\\/wp-content\\\/uploads\\\/2021\\\/02\\\/Pude-amaryllis-1-web.jpeg\",\"contentUrl\":\"https:\\\/\\\/byelines.dk\\\/wp-content\\\/uploads\\\/2021\\\/02\\\/Pude-amaryllis-1-web.jpeg\",\"width\":1000,\"height\":974},{\"@type\":\"BreadcrumbList\",\"@id\":\"https:\\\/\\\/byelines.dk\\\/vare\\\/pude-amaryllis-rosa-bordeaux-m-andeduns-fyld-koustrup\\\/#breadcrumb\",\"itemListElement\":[{\"@type\":\"ListItem\",\"position\":1,\"name\":\"Hjem\",\"item\":\"https:\\\/\\\/byelines.dk\\\/\"},{\"@type\":\"ListItem\",\"position\":2,\"name\":\"Shop\",\"item\":\"https:\\\/\\\/byelines.dk\\\/livstils-webshop\\\/\"},{\"@type\":\"ListItem\",\"position\":3,\"name\":\"Pude Amaryllis rosa\\\/bordeaux m. andeduns fyld fra Koustrup\"}]},{\"@type\":\"WebSite\",\"@id\":\"https:\\\/\\\/byelines.dk\\\/#website\",\"url\":\"https:\\\/\\\/byelines.dk\\\/\",\"name\":\"BY Elines\",\"description\":\"interi\u00f8r, design, strikketilbeh\u00f8r og fairtrade produkter\",\"publisher\":{\"@id\":\"https:\\\/\\\/byelines.dk\\\/#organization\"},\"potentialAction\":[{\"@type\":\"SearchAction\",\"target\":{\"@type\":\"EntryPoint\",\"urlTemplate\":\"https:\\\/\\\/byelines.dk\\\/?s={search_term_string}\"},\"query-input\":{\"@type\":\"PropertyValueSpecification\",\"valueRequired\":true,\"valueName\":\"search_term_string\"}}],\"inLanguage\":\"de\"},{\"@type\":\"Organization\",\"@id\":\"https:\\\/\\\/byelines.dk\\\/#organization\",\"name\":\"BY Elines\",\"url\":\"https:\\\/\\\/byelines.dk\\\/\",\"logo\":{\"@type\":\"ImageObject\",\"inLanguage\":\"de\",\"@id\":\"https:\\\/\\\/byelines.dk\\\/#\\\/schema\\\/logo\\\/image\\\/\",\"url\":\"https:\\\/\\\/byelines.dk\\\/wp-content\\\/uploads\\\/2022\\\/02\\\/udkast-til-logo.png\",\"contentUrl\":\"https:\\\/\\\/byelines.dk\\\/wp-content\\\/uploads\\\/2022\\\/02\\\/udkast-til-logo.png\",\"width\":428,\"height\":181,\"caption\":\"BY Elines\"},\"image\":{\"@id\":\"https:\\\/\\\/byelines.dk\\\/#\\\/schema\\\/logo\\\/image\\\/\"},\"sameAs\":[\"https:\\\/\\\/www.facebook.com\\\/elineskeramik-retro\",\"https:\\\/\\\/www.instagram.com\\\/elines_keramik_retro\\\/\"]}]}<\/script>\n<!-- \/ Yoast SEO plugin. -->","yoast_head_json":{"title":"Pude Amaryllis rosa\/bordeaux m. andeduns fyld fra Koustrup - BY Elines","description":"Pude fra Koustrup - rosa, bordeaux og gr\u00f8nne farver med flot Amaryllis er bl\u00f8dt og behageligt Fremstillet i \u00f8kologisk bomuld, med fyld af andedun","robots":{"index":"index","follow":"follow","max-snippet":"max-snippet:-1","max-image-preview":"max-image-preview:large","max-video-preview":"max-video-preview:-1"},"canonical":"https:\/\/byelines.dk\/de\/produkt\/pude-amaryllis-rosa-bordeaux-m-andeduns-fyld-koustrup\/","og_locale":"de_DE","og_type":"article","og_title":"Pude Amaryllis rosa\/bordeaux m. andeduns fyld fra Koustrup - BY Elines","og_description":"Pude fra Koustrup - rosa, bordeaux og gr\u00f8nne farver med flot Amaryllis er bl\u00f8dt og behageligt Fremstillet i \u00f8kologisk bomuld, med fyld af andedun","og_url":"https:\/\/byelines.dk\/de\/produkt\/pude-amaryllis-rosa-bordeaux-m-andeduns-fyld-koustrup\/","og_site_name":"BY Elines","article_publisher":"https:\/\/www.facebook.com\/elineskeramik-retro","article_modified_time":"2025-06-07T14:47:01+00:00","og_image":[{"width":1000,"height":974,"url":"https:\/\/byelines.dk\/wp-content\/uploads\/2021\/02\/Pude-amaryllis-1-web.jpeg","type":"image\/jpeg"}],"twitter_card":"summary_large_image","twitter_misc":{"Gesch\u00e4tzte Lesezeit":"1\u00a0Minute"},"schema":{"@context":"https:\/\/schema.org","@graph":[{"@type":"WebPage","@id":"https:\/\/byelines.dk\/vare\/pude-amaryllis-rosa-bordeaux-m-andeduns-fyld-koustrup\/","url":"https:\/\/byelines.dk\/vare\/pude-amaryllis-rosa-bordeaux-m-andeduns-fyld-koustrup\/","name":"Pude Amaryllis rosa\/bordeaux m. andeduns fyld fra Koustrup - BY Elines","isPartOf":{"@id":"https:\/\/byelines.dk\/#website"},"primaryImageOfPage":{"@id":"https:\/\/byelines.dk\/vare\/pude-amaryllis-rosa-bordeaux-m-andeduns-fyld-koustrup\/#primaryimage"},"image":{"@id":"https:\/\/byelines.dk\/vare\/pude-amaryllis-rosa-bordeaux-m-andeduns-fyld-koustrup\/#primaryimage"},"thumbnailUrl":"https:\/\/byelines.dk\/wp-content\/uploads\/2021\/02\/Pude-amaryllis-1-web.jpeg","datePublished":"2021-02-16T18:48:33+00:00","dateModified":"2025-06-07T14:47:01+00:00","description":"Pude fra Koustrup - rosa, bordeaux og gr\u00f8nne farver med flot Amaryllis er bl\u00f8dt og behageligt Fremstillet i \u00f8kologisk bomuld, med fyld af andedun","breadcrumb":{"@id":"https:\/\/byelines.dk\/vare\/pude-amaryllis-rosa-bordeaux-m-andeduns-fyld-koustrup\/#breadcrumb"},"inLanguage":"de","potentialAction":[{"@type":"ReadAction","target":["https:\/\/byelines.dk\/vare\/pude-amaryllis-rosa-bordeaux-m-andeduns-fyld-koustrup\/"]}]},{"@type":"ImageObject","inLanguage":"de","@id":"https:\/\/byelines.dk\/vare\/pude-amaryllis-rosa-bordeaux-m-andeduns-fyld-koustrup\/#primaryimage","url":"https:\/\/byelines.dk\/wp-content\/uploads\/2021\/02\/Pude-amaryllis-1-web.jpeg","contentUrl":"https:\/\/byelines.dk\/wp-content\/uploads\/2021\/02\/Pude-amaryllis-1-web.jpeg","width":1000,"height":974},{"@type":"BreadcrumbList","@id":"https:\/\/byelines.dk\/vare\/pude-amaryllis-rosa-bordeaux-m-andeduns-fyld-koustrup\/#breadcrumb","itemListElement":[{"@type":"ListItem","position":1,"name":"Hjem","item":"https:\/\/byelines.dk\/"},{"@type":"ListItem","position":2,"name":"Shop","item":"https:\/\/byelines.dk\/livstils-webshop\/"},{"@type":"ListItem","position":3,"name":"Pude Amaryllis rosa\/bordeaux m. andeduns fyld fra Koustrup"}]},{"@type":"WebSite","@id":"https:\/\/byelines.dk\/#website","url":"https:\/\/byelines.dk\/","name":"BY Elines","description":"Interieur, Design, Strickaccessoires und Fair-Trade-Produkte","publisher":{"@id":"https:\/\/byelines.dk\/#organization"},"potentialAction":[{"@type":"SearchAction","target":{"@type":"EntryPoint","urlTemplate":"https:\/\/byelines.dk\/?s={search_term_string}"},"query-input":{"@type":"PropertyValueSpecification","valueRequired":true,"valueName":"search_term_string"}}],"inLanguage":"de"},{"@type":"Organization","@id":"https:\/\/byelines.dk\/#organization","name":"BY Elines","url":"https:\/\/byelines.dk\/","logo":{"@type":"ImageObject","inLanguage":"de","@id":"https:\/\/byelines.dk\/#\/schema\/logo\/image\/","url":"https:\/\/byelines.dk\/wp-content\/uploads\/2022\/02\/udkast-til-logo.png","contentUrl":"https:\/\/byelines.dk\/wp-content\/uploads\/2022\/02\/udkast-til-logo.png","width":428,"height":181,"caption":"BY Elines"},"image":{"@id":"https:\/\/byelines.dk\/#\/schema\/logo\/image\/"},"sameAs":["https:\/\/www.facebook.com\/elineskeramik-retro","https:\/\/www.instagram.com\/elines_keramik_retro\/"]}]}},"_links":{"self":[{"href":"https:\/\/byelines.dk\/de\/wp-json\/wp\/v2\/product\/4570","targetHints":{"allow":["GET"]}}],"collection":[{"href":"https:\/\/byelines.dk\/de\/wp-json\/wp\/v2\/product"}],"about":[{"href":"https:\/\/byelines.dk\/de\/wp-json\/wp\/v2\/types\/product"}],"version-history":[{"count":2,"href":"https:\/\/byelines.dk\/de\/wp-json\/wp\/v2\/product\/4570\/revisions"}],"predecessor-version":[{"id":7012,"href":"https:\/\/byelines.dk\/de\/wp-json\/wp\/v2\/product\/4570\/revisions\/7012"}],"wp:featuredmedia":[{"embeddable":true,"href":"https:\/\/byelines.dk\/de\/wp-json\/wp\/v2\/media\/4571"}],"wp:attachment":[{"href":"https:\/\/byelines.dk\/de\/wp-json\/wp\/v2\/media?parent=4570"}],"wp:term":[{"taxonomy":"product_brand","embeddable":true,"href":"https:\/\/byelines.dk\/de\/wp-json\/wp\/v2\/product_brand?post=4570"},{"taxonomy":"product_cat","embeddable":true,"href":"https:\/\/byelines.dk\/de\/wp-json\/wp\/v2\/product_cat?post=4570"},{"taxonomy":"product_tag","embeddable":true,"href":"https:\/\/byelines.dk\/de\/wp-json\/wp\/v2\/product_tag?post=4570"}],"curies":[{"name":"wp","href":"https:\/\/api.w.org\/{rel}","templated":true}]}}