{"id":9270,"date":"2024-11-13T16:16:51","date_gmt":"2024-11-13T16:16:51","guid":{"rendered":"https:\/\/byelines.dk\/?post_type=product&#038;p=9270"},"modified":"2025-12-06T19:13:11","modified_gmt":"2025-12-06T18:13:11","slug":"tuareg-laederaeske-lime","status":"publish","type":"product","link":"https:\/\/byelines.dk\/de\/produkt\/tuareg-laederaeske-lime\/","title":{"rendered":"Tuareg-Lederbox, Limette"},"content":{"rendered":"<h3>Kleine Lederbox Lime<\/h3>\n<p>Ma\u00dfe: Ca. 8 cm hoch (mit Deckel) und 11,5 cm Durchmesser<\/p>\n<p>In Burkina Faso in Westafrika gibt es viele Kunsthandwerker und K\u00fcnstler, die seit Jahrhunderten nach Burkina Faso ausgewandert sind, wie das Volk der Tuareg.<\/p>\n<p>Einer dieser Nomaden ist Mohamed Aboubacrine, urspr\u00fcnglich aus Timbuktu in Mali.<\/p>\n<p>Er lebt mit seiner Familie in Burkina Faso und ist auf die Herstellung farbenfroher, hochwertiger Lederboxen spezialisiert.<\/p>\n<p>Die Boxen sind in zwei Gr\u00f6\u00dfen und in 12 verschiedenen leuchtenden Farben erh\u00e4ltlich.<\/p>\n<p>Die Boxen k\u00f6nnen f\u00fcr viele verschiedene Dinge verwendet werden, z.B. Schmuck, Kosmetik, Perlen, N\u00e4hen... ja, nur die Fantasie setzt die Grenzen.<\/p>\n<p>Ganz gleich, wof\u00fcr Sie Ihre Box verwenden m\u00f6chten, sie schm\u00fcckt jeden Ort, an dem Sie sie hinstellen.<\/p>\n<p>Der Deckel ist leicht gew\u00f6lbt und kann bei manchen Kartons etwas klemmen. Wenn dies der Fall ist, drehen Sie den Deckel vorsichtig zur Seite.<\/p>","protected":false},"excerpt":{"rendered":"<p>Handgefertigte bunte Lederboxen<\/p>","protected":false},"featured_media":9271,"template":"","meta":[],"product_brand":[],"product_cat":[20,32,67,60,57],"product_tag":[],"class_list":{"0":"post-9270","1":"product","2":"type-product","3":"status-publish","4":"has-post-thumbnail","6":"product_cat-kurve-og-bolig-interioer","7":"product_cat-kurve-hammershus-fairtrade","8":"product_cat-opbevarings-aesker-kurve-med-laag","9":"product_cat-strik","10":"product_cat-tuareg-laederaesker-hammershus-farirtade","12":"first","13":"outofstock","14":"taxable","15":"shipping-taxable","16":"purchasable","17":"product-type-simple"},"yoast_head":"<!-- This site is optimized with the Yoast SEO plugin v27.6 - https:\/\/yoast.com\/product\/yoast-seo-wordpress\/ -->\n<title>Tuareg L\u00e6der\u00e6ske, Lime - BY Elines<\/title>\n<meta name=\"description\" content=\"Originale H\u00e5ndlavede farverige l\u00e6der\u00e6sker produceret af Tuareg\u2019er i Burkina Faso. Fairtrade produkt i h\u00f8j kvalitet. -BY Elines -\" \/>\n<meta name=\"robots\" content=\"index, follow, max-snippet:-1, max-image-preview:large, max-video-preview:-1\" \/>\n<link rel=\"canonical\" href=\"https:\/\/byelines.dk\/de\/produkt\/tuareg-laederaeske-lime\/\" \/>\n<meta property=\"og:locale\" content=\"de_DE\" \/>\n<meta property=\"og:type\" content=\"article\" \/>\n<meta property=\"og:title\" content=\"Tuareg L\u00e6der\u00e6ske, Lime - BY Elines\" \/>\n<meta property=\"og:description\" content=\"Originale H\u00e5ndlavede farverige l\u00e6der\u00e6sker produceret af Tuareg\u2019er i Burkina Faso. Fairtrade produkt i h\u00f8j kvalitet. -BY Elines -\" \/>\n<meta property=\"og:url\" content=\"https:\/\/byelines.dk\/de\/produkt\/tuareg-laederaeske-lime\/\" \/>\n<meta property=\"og:site_name\" content=\"BY Elines\" \/>\n<meta property=\"article:publisher\" content=\"https:\/\/www.facebook.com\/elineskeramik-retro\" \/>\n<meta property=\"article:modified_time\" content=\"2025-12-06T18:13:11+00:00\" \/>\n<meta property=\"og:image\" content=\"https:\/\/byelines.dk\/wp-content\/uploads\/2024\/11\/401-lime_U0A4819.jpg\" \/>\n\t<meta property=\"og:image:width\" content=\"1200\" \/>\n\t<meta property=\"og:image:height\" content=\"800\" \/>\n\t<meta property=\"og:image:type\" content=\"image\/jpeg\" \/>\n<meta name=\"twitter:card\" content=\"summary_large_image\" \/>\n<meta name=\"twitter:label1\" content=\"Gesch\u00e4tzte Lesezeit\" \/>\n\t<meta name=\"twitter:data1\" content=\"1\u00a0Minute\" \/>\n<script type=\"application\/ld+json\" class=\"yoast-schema-graph\">{\"@context\":\"https:\\\/\\\/schema.org\",\"@graph\":[{\"@type\":\"WebPage\",\"@id\":\"https:\\\/\\\/byelines.dk\\\/vare\\\/tuareg-laederaeske-lime\\\/\",\"url\":\"https:\\\/\\\/byelines.dk\\\/vare\\\/tuareg-laederaeske-lime\\\/\",\"name\":\"Tuareg L\u00e6der\u00e6ske, Lime - BY Elines\",\"isPartOf\":{\"@id\":\"https:\\\/\\\/byelines.dk\\\/#website\"},\"primaryImageOfPage\":{\"@id\":\"https:\\\/\\\/byelines.dk\\\/vare\\\/tuareg-laederaeske-lime\\\/#primaryimage\"},\"image\":{\"@id\":\"https:\\\/\\\/byelines.dk\\\/vare\\\/tuareg-laederaeske-lime\\\/#primaryimage\"},\"thumbnailUrl\":\"https:\\\/\\\/byelines.dk\\\/wp-content\\\/uploads\\\/2024\\\/11\\\/401-lime_U0A4819.jpg\",\"datePublished\":\"2024-11-13T16:16:51+00:00\",\"dateModified\":\"2025-12-06T18:13:11+00:00\",\"description\":\"Originale H\u00e5ndlavede farverige l\u00e6der\u00e6sker produceret af Tuareg\u2019er i Burkina Faso. Fairtrade produkt i h\u00f8j kvalitet. -BY Elines -\",\"breadcrumb\":{\"@id\":\"https:\\\/\\\/byelines.dk\\\/vare\\\/tuareg-laederaeske-lime\\\/#breadcrumb\"},\"inLanguage\":\"de\",\"potentialAction\":[{\"@type\":\"ReadAction\",\"target\":[\"https:\\\/\\\/byelines.dk\\\/vare\\\/tuareg-laederaeske-lime\\\/\"]}]},{\"@type\":\"ImageObject\",\"inLanguage\":\"de\",\"@id\":\"https:\\\/\\\/byelines.dk\\\/vare\\\/tuareg-laederaeske-lime\\\/#primaryimage\",\"url\":\"https:\\\/\\\/byelines.dk\\\/wp-content\\\/uploads\\\/2024\\\/11\\\/401-lime_U0A4819.jpg\",\"contentUrl\":\"https:\\\/\\\/byelines.dk\\\/wp-content\\\/uploads\\\/2024\\\/11\\\/401-lime_U0A4819.jpg\",\"width\":1200,\"height\":800},{\"@type\":\"BreadcrumbList\",\"@id\":\"https:\\\/\\\/byelines.dk\\\/vare\\\/tuareg-laederaeske-lime\\\/#breadcrumb\",\"itemListElement\":[{\"@type\":\"ListItem\",\"position\":1,\"name\":\"Hjem\",\"item\":\"https:\\\/\\\/byelines.dk\\\/\"},{\"@type\":\"ListItem\",\"position\":2,\"name\":\"Shop\",\"item\":\"https:\\\/\\\/byelines.dk\\\/livstils-webshop\\\/\"},{\"@type\":\"ListItem\",\"position\":3,\"name\":\"Tuareg L\u00e6der\u00e6ske, Lime\"}]},{\"@type\":\"WebSite\",\"@id\":\"https:\\\/\\\/byelines.dk\\\/#website\",\"url\":\"https:\\\/\\\/byelines.dk\\\/\",\"name\":\"BY Elines\",\"description\":\"interi\u00f8r, design, strikketilbeh\u00f8r og fairtrade produkter\",\"publisher\":{\"@id\":\"https:\\\/\\\/byelines.dk\\\/#organization\"},\"potentialAction\":[{\"@type\":\"SearchAction\",\"target\":{\"@type\":\"EntryPoint\",\"urlTemplate\":\"https:\\\/\\\/byelines.dk\\\/?s={search_term_string}\"},\"query-input\":{\"@type\":\"PropertyValueSpecification\",\"valueRequired\":true,\"valueName\":\"search_term_string\"}}],\"inLanguage\":\"de\"},{\"@type\":\"Organization\",\"@id\":\"https:\\\/\\\/byelines.dk\\\/#organization\",\"name\":\"BY Elines\",\"url\":\"https:\\\/\\\/byelines.dk\\\/\",\"logo\":{\"@type\":\"ImageObject\",\"inLanguage\":\"de\",\"@id\":\"https:\\\/\\\/byelines.dk\\\/#\\\/schema\\\/logo\\\/image\\\/\",\"url\":\"https:\\\/\\\/byelines.dk\\\/wp-content\\\/uploads\\\/2022\\\/02\\\/udkast-til-logo.png\",\"contentUrl\":\"https:\\\/\\\/byelines.dk\\\/wp-content\\\/uploads\\\/2022\\\/02\\\/udkast-til-logo.png\",\"width\":428,\"height\":181,\"caption\":\"BY Elines\"},\"image\":{\"@id\":\"https:\\\/\\\/byelines.dk\\\/#\\\/schema\\\/logo\\\/image\\\/\"},\"sameAs\":[\"https:\\\/\\\/www.facebook.com\\\/elineskeramik-retro\",\"https:\\\/\\\/www.instagram.com\\\/elines_keramik_retro\\\/\"]}]}<\/script>\n<!-- \/ Yoast SEO plugin. -->","yoast_head_json":{"title":"Tuareg L\u00e6der\u00e6ske, Lime - BY Elines","description":"Originale, handgefertigte, farbenfrohe Lederboxen, hergestellt von Tuareg in Burkina Faso. Fairtrade-Produkt in hoher Qualit\u00e4t. \u2013 Von Elines \u2013","robots":{"index":"index","follow":"follow","max-snippet":"max-snippet:-1","max-image-preview":"max-image-preview:large","max-video-preview":"max-video-preview:-1"},"canonical":"https:\/\/byelines.dk\/de\/produkt\/tuareg-laederaeske-lime\/","og_locale":"de_DE","og_type":"article","og_title":"Tuareg L\u00e6der\u00e6ske, Lime - BY Elines","og_description":"Originale H\u00e5ndlavede farverige l\u00e6der\u00e6sker produceret af Tuareg\u2019er i Burkina Faso. Fairtrade produkt i h\u00f8j kvalitet. -BY Elines -","og_url":"https:\/\/byelines.dk\/de\/produkt\/tuareg-laederaeske-lime\/","og_site_name":"BY Elines","article_publisher":"https:\/\/www.facebook.com\/elineskeramik-retro","article_modified_time":"2025-12-06T18:13:11+00:00","og_image":[{"width":1200,"height":800,"url":"https:\/\/byelines.dk\/wp-content\/uploads\/2024\/11\/401-lime_U0A4819.jpg","type":"image\/jpeg"}],"twitter_card":"summary_large_image","twitter_misc":{"Gesch\u00e4tzte Lesezeit":"1\u00a0Minute"},"schema":{"@context":"https:\/\/schema.org","@graph":[{"@type":"WebPage","@id":"https:\/\/byelines.dk\/vare\/tuareg-laederaeske-lime\/","url":"https:\/\/byelines.dk\/vare\/tuareg-laederaeske-lime\/","name":"Tuareg L\u00e6der\u00e6ske, Lime - BY Elines","isPartOf":{"@id":"https:\/\/byelines.dk\/#website"},"primaryImageOfPage":{"@id":"https:\/\/byelines.dk\/vare\/tuareg-laederaeske-lime\/#primaryimage"},"image":{"@id":"https:\/\/byelines.dk\/vare\/tuareg-laederaeske-lime\/#primaryimage"},"thumbnailUrl":"https:\/\/byelines.dk\/wp-content\/uploads\/2024\/11\/401-lime_U0A4819.jpg","datePublished":"2024-11-13T16:16:51+00:00","dateModified":"2025-12-06T18:13:11+00:00","description":"Originale, handgefertigte, farbenfrohe Lederboxen, hergestellt von Tuareg in Burkina Faso. Fairtrade-Produkt in hoher Qualit\u00e4t. \u2013 Von Elines \u2013","breadcrumb":{"@id":"https:\/\/byelines.dk\/vare\/tuareg-laederaeske-lime\/#breadcrumb"},"inLanguage":"de","potentialAction":[{"@type":"ReadAction","target":["https:\/\/byelines.dk\/vare\/tuareg-laederaeske-lime\/"]}]},{"@type":"ImageObject","inLanguage":"de","@id":"https:\/\/byelines.dk\/vare\/tuareg-laederaeske-lime\/#primaryimage","url":"https:\/\/byelines.dk\/wp-content\/uploads\/2024\/11\/401-lime_U0A4819.jpg","contentUrl":"https:\/\/byelines.dk\/wp-content\/uploads\/2024\/11\/401-lime_U0A4819.jpg","width":1200,"height":800},{"@type":"BreadcrumbList","@id":"https:\/\/byelines.dk\/vare\/tuareg-laederaeske-lime\/#breadcrumb","itemListElement":[{"@type":"ListItem","position":1,"name":"Hjem","item":"https:\/\/byelines.dk\/"},{"@type":"ListItem","position":2,"name":"Shop","item":"https:\/\/byelines.dk\/livstils-webshop\/"},{"@type":"ListItem","position":3,"name":"Tuareg L\u00e6der\u00e6ske, Lime"}]},{"@type":"WebSite","@id":"https:\/\/byelines.dk\/#website","url":"https:\/\/byelines.dk\/","name":"BY Elines","description":"Interieur, Design, Strickaccessoires und Fair-Trade-Produkte","publisher":{"@id":"https:\/\/byelines.dk\/#organization"},"potentialAction":[{"@type":"SearchAction","target":{"@type":"EntryPoint","urlTemplate":"https:\/\/byelines.dk\/?s={search_term_string}"},"query-input":{"@type":"PropertyValueSpecification","valueRequired":true,"valueName":"search_term_string"}}],"inLanguage":"de"},{"@type":"Organization","@id":"https:\/\/byelines.dk\/#organization","name":"BY Elines","url":"https:\/\/byelines.dk\/","logo":{"@type":"ImageObject","inLanguage":"de","@id":"https:\/\/byelines.dk\/#\/schema\/logo\/image\/","url":"https:\/\/byelines.dk\/wp-content\/uploads\/2022\/02\/udkast-til-logo.png","contentUrl":"https:\/\/byelines.dk\/wp-content\/uploads\/2022\/02\/udkast-til-logo.png","width":428,"height":181,"caption":"BY Elines"},"image":{"@id":"https:\/\/byelines.dk\/#\/schema\/logo\/image\/"},"sameAs":["https:\/\/www.facebook.com\/elineskeramik-retro","https:\/\/www.instagram.com\/elines_keramik_retro\/"]}]}},"_links":{"self":[{"href":"https:\/\/byelines.dk\/de\/wp-json\/wp\/v2\/product\/9270","targetHints":{"allow":["GET"]}}],"collection":[{"href":"https:\/\/byelines.dk\/de\/wp-json\/wp\/v2\/product"}],"about":[{"href":"https:\/\/byelines.dk\/de\/wp-json\/wp\/v2\/types\/product"}],"version-history":[{"count":1,"href":"https:\/\/byelines.dk\/de\/wp-json\/wp\/v2\/product\/9270\/revisions"}],"predecessor-version":[{"id":9272,"href":"https:\/\/byelines.dk\/de\/wp-json\/wp\/v2\/product\/9270\/revisions\/9272"}],"wp:featuredmedia":[{"embeddable":true,"href":"https:\/\/byelines.dk\/de\/wp-json\/wp\/v2\/media\/9271"}],"wp:attachment":[{"href":"https:\/\/byelines.dk\/de\/wp-json\/wp\/v2\/media?parent=9270"}],"wp:term":[{"taxonomy":"product_brand","embeddable":true,"href":"https:\/\/byelines.dk\/de\/wp-json\/wp\/v2\/product_brand?post=9270"},{"taxonomy":"product_cat","embeddable":true,"href":"https:\/\/byelines.dk\/de\/wp-json\/wp\/v2\/product_cat?post=9270"},{"taxonomy":"product_tag","embeddable":true,"href":"https:\/\/byelines.dk\/de\/wp-json\/wp\/v2\/product_tag?post=9270"}],"curies":[{"name":"wp","href":"https:\/\/api.w.org\/{rel}","templated":true}]}}