{"id":9333,"date":"2024-11-22T12:03:27","date_gmt":"2024-11-22T12:03:27","guid":{"rendered":"https:\/\/byelines.dk\/?post_type=product&#038;p=9333"},"modified":"2026-04-07T06:14:44","modified_gmt":"2026-04-07T05:14:44","slug":"kazuri-armbaand-crazy-parrot-elastik","status":"publish","type":"product","link":"https:\/\/byelines.dk\/de\/produkt\/kazuri-armbaand-crazy-parrot-elastik\/","title":{"rendered":"KAZURI-Armband \u2013 Crazy Parrot Elastic"},"content":{"rendered":"<p>Wundersch\u00f6nes Keramikarmband aus Kenia.<\/p>\n<p>Jede einzelne Perle ist handgefertigt und alle Perlen sind in wundersch\u00f6nen aufeinander abgestimmten Farben handgef\u00e4rbt.<\/p>\n<p>Die Mittelst\u00fccke bestehen aus vergoldetem Kupfer und sind 100% nickelfrei<\/p>\n<p>Ein Armband, das dekorativ und voll ist.<\/p>\n<p>Kazuri ist von der Global Fair Trade Organization IFAT zugelassen.<\/p>\n<p>&nbsp;<\/p>\n<p>KAZURI \u2013 Armb\u00e4nder \u2013 Crazy Parrot Elastic<\/p>","protected":false},"excerpt":{"rendered":"<p>Wundersch\u00f6nes Keramikarmband aus Kenia, \u2013 Crazy Parrot Elastik<\/p>","protected":false},"featured_media":9334,"template":"","meta":[],"product_brand":[],"product_cat":[53,50],"product_tag":[],"class_list":{"0":"post-9333","1":"product","2":"type-product","3":"status-publish","4":"has-post-thumbnail","6":"product_cat-kazuri-armbaand","7":"product_cat-kazuri-smykker","9":"first","10":"instock","11":"taxable","12":"shipping-taxable","13":"purchasable","14":"product-type-simple"},"yoast_head":"<!-- This site is optimized with the Yoast SEO plugin v27.5 - https:\/\/yoast.com\/product\/yoast-seo-wordpress\/ -->\n<title>KAZURI armb\u00e5nd \u2013 Crazy Parrot Elastik - BY Elines<\/title>\n<meta name=\"description\" content=\"Smuk keramisk armb\u00e5nd. Hver perle er h\u00e5ndlavet og h\u00e5ndfarvet i smukke afstemte farver. Mellem stykkerne er lavet i forgyldt kobber\u00a0\" \/>\n<meta name=\"robots\" content=\"index, follow, max-snippet:-1, max-image-preview:large, max-video-preview:-1\" \/>\n<link rel=\"canonical\" href=\"https:\/\/byelines.dk\/de\/produkt\/kazuri-armbaand-crazy-parrot-elastik\/\" \/>\n<meta property=\"og:locale\" content=\"de_DE\" \/>\n<meta property=\"og:type\" content=\"article\" \/>\n<meta property=\"og:title\" content=\"KAZURI armb\u00e5nd \u2013 Crazy Parrot Elastik - BY Elines\" \/>\n<meta property=\"og:description\" content=\"Smuk keramisk armb\u00e5nd. Hver perle er h\u00e5ndlavet og h\u00e5ndfarvet i smukke afstemte farver. Mellem stykkerne er lavet i forgyldt kobber\u00a0\" \/>\n<meta property=\"og:url\" content=\"https:\/\/byelines.dk\/de\/produkt\/kazuri-armbaand-crazy-parrot-elastik\/\" \/>\n<meta property=\"og:site_name\" content=\"BY Elines\" \/>\n<meta property=\"article:publisher\" content=\"https:\/\/www.facebook.com\/elineskeramik-retro\" \/>\n<meta property=\"article:modified_time\" content=\"2026-04-07T05:14:44+00:00\" \/>\n<meta property=\"og:image\" content=\"https:\/\/byelines.dk\/wp-content\/uploads\/2024\/11\/Armbaand-Crazy-Parrot.webp\" \/>\n\t<meta property=\"og:image:width\" content=\"1200\" \/>\n\t<meta property=\"og:image:height\" content=\"1200\" \/>\n\t<meta property=\"og:image:type\" content=\"image\/webp\" \/>\n<meta name=\"twitter:card\" content=\"summary_large_image\" \/>\n<meta name=\"twitter:label1\" content=\"Gesch\u00e4tzte Lesezeit\" \/>\n\t<meta name=\"twitter:data1\" content=\"1\u00a0Minute\" \/>\n<script type=\"application\/ld+json\" class=\"yoast-schema-graph\">{\"@context\":\"https:\\\/\\\/schema.org\",\"@graph\":[{\"@type\":\"WebPage\",\"@id\":\"https:\\\/\\\/byelines.dk\\\/vare\\\/kazuri-armbaand-crazy-parrot-elastik\\\/\",\"url\":\"https:\\\/\\\/byelines.dk\\\/vare\\\/kazuri-armbaand-crazy-parrot-elastik\\\/\",\"name\":\"KAZURI armb\u00e5nd \u2013 Crazy Parrot Elastik - BY Elines\",\"isPartOf\":{\"@id\":\"https:\\\/\\\/byelines.dk\\\/#website\"},\"primaryImageOfPage\":{\"@id\":\"https:\\\/\\\/byelines.dk\\\/vare\\\/kazuri-armbaand-crazy-parrot-elastik\\\/#primaryimage\"},\"image\":{\"@id\":\"https:\\\/\\\/byelines.dk\\\/vare\\\/kazuri-armbaand-crazy-parrot-elastik\\\/#primaryimage\"},\"thumbnailUrl\":\"https:\\\/\\\/byelines.dk\\\/wp-content\\\/uploads\\\/2024\\\/11\\\/Armbaand-Crazy-Parrot.webp\",\"datePublished\":\"2024-11-22T12:03:27+00:00\",\"dateModified\":\"2026-04-07T05:14:44+00:00\",\"description\":\"Smuk keramisk armb\u00e5nd. Hver perle er h\u00e5ndlavet og h\u00e5ndfarvet i smukke afstemte farver. Mellem stykkerne er lavet i forgyldt kobber\u00a0\",\"breadcrumb\":{\"@id\":\"https:\\\/\\\/byelines.dk\\\/vare\\\/kazuri-armbaand-crazy-parrot-elastik\\\/#breadcrumb\"},\"inLanguage\":\"de\",\"potentialAction\":[{\"@type\":\"ReadAction\",\"target\":[\"https:\\\/\\\/byelines.dk\\\/vare\\\/kazuri-armbaand-crazy-parrot-elastik\\\/\"]}]},{\"@type\":\"ImageObject\",\"inLanguage\":\"de\",\"@id\":\"https:\\\/\\\/byelines.dk\\\/vare\\\/kazuri-armbaand-crazy-parrot-elastik\\\/#primaryimage\",\"url\":\"https:\\\/\\\/byelines.dk\\\/wp-content\\\/uploads\\\/2024\\\/11\\\/Armbaand-Crazy-Parrot.webp\",\"contentUrl\":\"https:\\\/\\\/byelines.dk\\\/wp-content\\\/uploads\\\/2024\\\/11\\\/Armbaand-Crazy-Parrot.webp\",\"width\":1200,\"height\":1200},{\"@type\":\"BreadcrumbList\",\"@id\":\"https:\\\/\\\/byelines.dk\\\/vare\\\/kazuri-armbaand-crazy-parrot-elastik\\\/#breadcrumb\",\"itemListElement\":[{\"@type\":\"ListItem\",\"position\":1,\"name\":\"Hjem\",\"item\":\"https:\\\/\\\/byelines.dk\\\/\"},{\"@type\":\"ListItem\",\"position\":2,\"name\":\"Shop\",\"item\":\"https:\\\/\\\/byelines.dk\\\/livstils-webshop\\\/\"},{\"@type\":\"ListItem\",\"position\":3,\"name\":\"KAZURI armb\u00e5nd \u2013 Crazy Parrot Elastik\"}]},{\"@type\":\"WebSite\",\"@id\":\"https:\\\/\\\/byelines.dk\\\/#website\",\"url\":\"https:\\\/\\\/byelines.dk\\\/\",\"name\":\"BY Elines\",\"description\":\"interi\u00f8r, design, strikketilbeh\u00f8r og fairtrade produkter\",\"publisher\":{\"@id\":\"https:\\\/\\\/byelines.dk\\\/#organization\"},\"potentialAction\":[{\"@type\":\"SearchAction\",\"target\":{\"@type\":\"EntryPoint\",\"urlTemplate\":\"https:\\\/\\\/byelines.dk\\\/?s={search_term_string}\"},\"query-input\":{\"@type\":\"PropertyValueSpecification\",\"valueRequired\":true,\"valueName\":\"search_term_string\"}}],\"inLanguage\":\"de\"},{\"@type\":\"Organization\",\"@id\":\"https:\\\/\\\/byelines.dk\\\/#organization\",\"name\":\"BY Elines\",\"url\":\"https:\\\/\\\/byelines.dk\\\/\",\"logo\":{\"@type\":\"ImageObject\",\"inLanguage\":\"de\",\"@id\":\"https:\\\/\\\/byelines.dk\\\/#\\\/schema\\\/logo\\\/image\\\/\",\"url\":\"https:\\\/\\\/byelines.dk\\\/wp-content\\\/uploads\\\/2022\\\/02\\\/udkast-til-logo.png\",\"contentUrl\":\"https:\\\/\\\/byelines.dk\\\/wp-content\\\/uploads\\\/2022\\\/02\\\/udkast-til-logo.png\",\"width\":428,\"height\":181,\"caption\":\"BY Elines\"},\"image\":{\"@id\":\"https:\\\/\\\/byelines.dk\\\/#\\\/schema\\\/logo\\\/image\\\/\"},\"sameAs\":[\"https:\\\/\\\/www.facebook.com\\\/elineskeramik-retro\",\"https:\\\/\\\/www.instagram.com\\\/elines_keramik_retro\\\/\"]}]}<\/script>\n<!-- \/ Yoast SEO plugin. -->","yoast_head_json":{"title":"KAZURI armb\u00e5nd \u2013 Crazy Parrot Elastik - BY Elines","description":"Wundersch\u00f6nes Keramikarmband. Jede Perle ist handgefertigt und in harmonisch aufeinander abgestimmten Farben handgef\u00e4rbt. Die Mittelst\u00fccke bestehen aus vergoldetem Kupfer.\u00a0","robots":{"index":"index","follow":"follow","max-snippet":"max-snippet:-1","max-image-preview":"max-image-preview:large","max-video-preview":"max-video-preview:-1"},"canonical":"https:\/\/byelines.dk\/de\/produkt\/kazuri-armbaand-crazy-parrot-elastik\/","og_locale":"de_DE","og_type":"article","og_title":"KAZURI armb\u00e5nd \u2013 Crazy Parrot Elastik - BY Elines","og_description":"Smuk keramisk armb\u00e5nd. Hver perle er h\u00e5ndlavet og h\u00e5ndfarvet i smukke afstemte farver. Mellem stykkerne er lavet i forgyldt kobber\u00a0","og_url":"https:\/\/byelines.dk\/de\/produkt\/kazuri-armbaand-crazy-parrot-elastik\/","og_site_name":"BY Elines","article_publisher":"https:\/\/www.facebook.com\/elineskeramik-retro","article_modified_time":"2026-04-07T05:14:44+00:00","og_image":[{"width":1200,"height":1200,"url":"https:\/\/byelines.dk\/wp-content\/uploads\/2024\/11\/Armbaand-Crazy-Parrot.webp","type":"image\/webp"}],"twitter_card":"summary_large_image","twitter_misc":{"Gesch\u00e4tzte Lesezeit":"1\u00a0Minute"},"schema":{"@context":"https:\/\/schema.org","@graph":[{"@type":"WebPage","@id":"https:\/\/byelines.dk\/vare\/kazuri-armbaand-crazy-parrot-elastik\/","url":"https:\/\/byelines.dk\/vare\/kazuri-armbaand-crazy-parrot-elastik\/","name":"KAZURI armb\u00e5nd \u2013 Crazy Parrot Elastik - BY Elines","isPartOf":{"@id":"https:\/\/byelines.dk\/#website"},"primaryImageOfPage":{"@id":"https:\/\/byelines.dk\/vare\/kazuri-armbaand-crazy-parrot-elastik\/#primaryimage"},"image":{"@id":"https:\/\/byelines.dk\/vare\/kazuri-armbaand-crazy-parrot-elastik\/#primaryimage"},"thumbnailUrl":"https:\/\/byelines.dk\/wp-content\/uploads\/2024\/11\/Armbaand-Crazy-Parrot.webp","datePublished":"2024-11-22T12:03:27+00:00","dateModified":"2026-04-07T05:14:44+00:00","description":"Wundersch\u00f6nes Keramikarmband. Jede Perle ist handgefertigt und in harmonisch aufeinander abgestimmten Farben handgef\u00e4rbt. Die Mittelst\u00fccke bestehen aus vergoldetem Kupfer.\u00a0","breadcrumb":{"@id":"https:\/\/byelines.dk\/vare\/kazuri-armbaand-crazy-parrot-elastik\/#breadcrumb"},"inLanguage":"de","potentialAction":[{"@type":"ReadAction","target":["https:\/\/byelines.dk\/vare\/kazuri-armbaand-crazy-parrot-elastik\/"]}]},{"@type":"ImageObject","inLanguage":"de","@id":"https:\/\/byelines.dk\/vare\/kazuri-armbaand-crazy-parrot-elastik\/#primaryimage","url":"https:\/\/byelines.dk\/wp-content\/uploads\/2024\/11\/Armbaand-Crazy-Parrot.webp","contentUrl":"https:\/\/byelines.dk\/wp-content\/uploads\/2024\/11\/Armbaand-Crazy-Parrot.webp","width":1200,"height":1200},{"@type":"BreadcrumbList","@id":"https:\/\/byelines.dk\/vare\/kazuri-armbaand-crazy-parrot-elastik\/#breadcrumb","itemListElement":[{"@type":"ListItem","position":1,"name":"Hjem","item":"https:\/\/byelines.dk\/"},{"@type":"ListItem","position":2,"name":"Shop","item":"https:\/\/byelines.dk\/livstils-webshop\/"},{"@type":"ListItem","position":3,"name":"KAZURI armb\u00e5nd \u2013 Crazy Parrot Elastik"}]},{"@type":"WebSite","@id":"https:\/\/byelines.dk\/#website","url":"https:\/\/byelines.dk\/","name":"BY Elines","description":"Interieur, Design, Strickaccessoires und Fair-Trade-Produkte","publisher":{"@id":"https:\/\/byelines.dk\/#organization"},"potentialAction":[{"@type":"SearchAction","target":{"@type":"EntryPoint","urlTemplate":"https:\/\/byelines.dk\/?s={search_term_string}"},"query-input":{"@type":"PropertyValueSpecification","valueRequired":true,"valueName":"search_term_string"}}],"inLanguage":"de"},{"@type":"Organization","@id":"https:\/\/byelines.dk\/#organization","name":"BY Elines","url":"https:\/\/byelines.dk\/","logo":{"@type":"ImageObject","inLanguage":"de","@id":"https:\/\/byelines.dk\/#\/schema\/logo\/image\/","url":"https:\/\/byelines.dk\/wp-content\/uploads\/2022\/02\/udkast-til-logo.png","contentUrl":"https:\/\/byelines.dk\/wp-content\/uploads\/2022\/02\/udkast-til-logo.png","width":428,"height":181,"caption":"BY Elines"},"image":{"@id":"https:\/\/byelines.dk\/#\/schema\/logo\/image\/"},"sameAs":["https:\/\/www.facebook.com\/elineskeramik-retro","https:\/\/www.instagram.com\/elines_keramik_retro\/"]}]}},"_links":{"self":[{"href":"https:\/\/byelines.dk\/de\/wp-json\/wp\/v2\/product\/9333","targetHints":{"allow":["GET"]}}],"collection":[{"href":"https:\/\/byelines.dk\/de\/wp-json\/wp\/v2\/product"}],"about":[{"href":"https:\/\/byelines.dk\/de\/wp-json\/wp\/v2\/types\/product"}],"version-history":[{"count":1,"href":"https:\/\/byelines.dk\/de\/wp-json\/wp\/v2\/product\/9333\/revisions"}],"predecessor-version":[{"id":9335,"href":"https:\/\/byelines.dk\/de\/wp-json\/wp\/v2\/product\/9333\/revisions\/9335"}],"wp:featuredmedia":[{"embeddable":true,"href":"https:\/\/byelines.dk\/de\/wp-json\/wp\/v2\/media\/9334"}],"wp:attachment":[{"href":"https:\/\/byelines.dk\/de\/wp-json\/wp\/v2\/media?parent=9333"}],"wp:term":[{"taxonomy":"product_brand","embeddable":true,"href":"https:\/\/byelines.dk\/de\/wp-json\/wp\/v2\/product_brand?post=9333"},{"taxonomy":"product_cat","embeddable":true,"href":"https:\/\/byelines.dk\/de\/wp-json\/wp\/v2\/product_cat?post=9333"},{"taxonomy":"product_tag","embeddable":true,"href":"https:\/\/byelines.dk\/de\/wp-json\/wp\/v2\/product_tag?post=9333"}],"curies":[{"name":"wp","href":"https:\/\/api.w.org\/{rel}","templated":true}]}}