{"id":9472,"date":"2024-12-05T18:05:55","date_gmt":"2024-12-05T18:05:55","guid":{"rendered":"https:\/\/byelines.dk\/?post_type=product&#038;p=9472"},"modified":"2026-03-12T20:48:00","modified_gmt":"2026-03-12T19:48:00","slug":"madam-graeskar-bast-kurvetaske-sort-smal-strib","status":"publish","type":"product","link":"https:\/\/byelines.dk\/de\/produkt\/madam-graeskar-bast-kurvetaske-sort-smal-strib\/","title":{"rendered":"Madam Pumpkin Raffia-Korbtasche \u2013 schmaler Streifen"},"content":{"rendered":"<p>Die K\u00f6rbe bestehen aus Bast und Gras sowie anderen Naturmaterialien. Sie sind handgefertigt und k\u00f6nnen in Gr\u00f6\u00dfe und Farbe leicht variieren. Die K\u00f6rbe haben eine stabile Form und die Ecken sind mit Leder verst\u00e4rkt. Auch die Henkel sind aus Leder gen\u00e4ht, wodurch sie weich und angenehm zu tragen sind.<\/p>\n<p>Die K\u00f6rbe haben innen ein d\u00fcnnes St\u00fcck Baumwolle in passender Farbe, das man wie einen Deckel schn\u00fcren kann.<\/p>\n<p><strong>Bei den Ma\u00dfen handelt es sich um ungef\u00e4hre Ma\u00dfe, da es bei handgefertigten Artikeln immer zu geringf\u00fcgigen Abweichungen kommen kann.<\/strong><\/p>\n<p>Handgefertigt aus nat\u00fcrlichen Materialien<\/p>\n<p><strong>Bei den Ma\u00dfangaben handelt es sich um ca.-Ma\u00dfe inkl. handhaben<\/strong><\/p>\n<p>Klein: unten 27 x 15, H\u00f6he 42 cm<\/p>\n<p>Mittel: unten 30 x 16 cm, H\u00f6he 46 cm<\/p>\n<p>Gro\u00df: Grundfl\u00e4che 34 x 20 cm, H\u00f6he 56 cm<\/p>\n<p>XL: unten 40 x 24 cm, H\u00f6he 56 cm<\/p>\n<p>&nbsp;<\/p>\n<p>Brand: Madam Gr\u00e6skar<\/p>","protected":false},"excerpt":{"rendered":"<p>Madam Pumpkin Raffia-Korbtasche \u2013 schmaler Streifen<\/p>","protected":false},"featured_media":12276,"template":"","meta":[],"product_brand":[],"product_cat":[59,65],"product_tag":[],"class_list":{"0":"post-9472","1":"product","2":"type-product","3":"status-publish","4":"has-post-thumbnail","6":"product_cat-madam-graeskar-kurvetasker","7":"product_cat-madam-graeskar-strikkekurve","9":"first","10":"instock","11":"taxable","12":"shipping-taxable","13":"purchasable","14":"product-type-variable"},"yoast_head":"<!-- This site is optimized with the Yoast SEO plugin v27.5 - https:\/\/yoast.com\/product\/yoast-seo-wordpress\/ -->\n<title>Madam Gr\u00e6skar bast kurvetaske - smal strib - BY Elines<\/title>\n<meta name=\"description\" content=\"Madam Gr\u00e6skar kurvetaske lavet af Gr\u00e6s og bast, l\u00e6der og bommuld. Kurvene har en stabil form, og hj\u00f8rnerne er forst\u00e6rkede med l\u00e6der. - BY Elines\" \/>\n<meta name=\"robots\" content=\"index, follow, max-snippet:-1, max-image-preview:large, max-video-preview:-1\" \/>\n<link rel=\"canonical\" href=\"https:\/\/byelines.dk\/de\/produkt\/madam-graeskar-bast-kurvetaske-sort-smal-strib\/\" \/>\n<meta property=\"og:locale\" content=\"de_DE\" \/>\n<meta property=\"og:type\" content=\"article\" \/>\n<meta property=\"og:title\" content=\"Madam Gr\u00e6skar bast kurvetaske - smal strib - BY Elines\" \/>\n<meta property=\"og:description\" content=\"Madam Gr\u00e6skar kurvetaske lavet af Gr\u00e6s og bast, l\u00e6der og bommuld. Kurvene har en stabil form, og hj\u00f8rnerne er forst\u00e6rkede med l\u00e6der. - BY Elines\" \/>\n<meta property=\"og:url\" content=\"https:\/\/byelines.dk\/de\/produkt\/madam-graeskar-bast-kurvetaske-sort-smal-strib\/\" \/>\n<meta property=\"og:site_name\" content=\"BY Elines\" \/>\n<meta property=\"article:publisher\" content=\"https:\/\/www.facebook.com\/elineskeramik-retro\" \/>\n<meta property=\"article:modified_time\" content=\"2026-03-12T19:48:00+00:00\" \/>\n<meta property=\"og:image\" content=\"https:\/\/byelines.dk\/wp-content\/uploads\/2024\/12\/1000008100.jpg\" \/>\n\t<meta property=\"og:image:width\" content=\"1276\" \/>\n\t<meta property=\"og:image:height\" content=\"1333\" \/>\n\t<meta property=\"og:image:type\" content=\"image\/jpeg\" \/>\n<meta name=\"twitter:card\" content=\"summary_large_image\" \/>\n<meta name=\"twitter:label1\" content=\"Gesch\u00e4tzte Lesezeit\" \/>\n\t<meta name=\"twitter:data1\" content=\"1\u00a0Minute\" \/>\n<script type=\"application\/ld+json\" class=\"yoast-schema-graph\">{\"@context\":\"https:\\\/\\\/schema.org\",\"@graph\":[{\"@type\":\"WebPage\",\"@id\":\"https:\\\/\\\/byelines.dk\\\/vare\\\/madam-graeskar-bast-kurvetaske-sort-smal-strib\\\/\",\"url\":\"https:\\\/\\\/byelines.dk\\\/vare\\\/madam-graeskar-bast-kurvetaske-sort-smal-strib\\\/\",\"name\":\"Madam Gr\u00e6skar bast kurvetaske - smal strib - BY Elines\",\"isPartOf\":{\"@id\":\"https:\\\/\\\/byelines.dk\\\/#website\"},\"primaryImageOfPage\":{\"@id\":\"https:\\\/\\\/byelines.dk\\\/vare\\\/madam-graeskar-bast-kurvetaske-sort-smal-strib\\\/#primaryimage\"},\"image\":{\"@id\":\"https:\\\/\\\/byelines.dk\\\/vare\\\/madam-graeskar-bast-kurvetaske-sort-smal-strib\\\/#primaryimage\"},\"thumbnailUrl\":\"https:\\\/\\\/byelines.dk\\\/wp-content\\\/uploads\\\/2024\\\/12\\\/1000008100.jpg\",\"datePublished\":\"2024-12-05T18:05:55+00:00\",\"dateModified\":\"2026-03-12T19:48:00+00:00\",\"description\":\"Madam Gr\u00e6skar kurvetaske lavet af Gr\u00e6s og bast, l\u00e6der og bommuld. Kurvene har en stabil form, og hj\u00f8rnerne er forst\u00e6rkede med l\u00e6der. - BY Elines\",\"breadcrumb\":{\"@id\":\"https:\\\/\\\/byelines.dk\\\/vare\\\/madam-graeskar-bast-kurvetaske-sort-smal-strib\\\/#breadcrumb\"},\"inLanguage\":\"de\",\"potentialAction\":[{\"@type\":\"ReadAction\",\"target\":[\"https:\\\/\\\/byelines.dk\\\/vare\\\/madam-graeskar-bast-kurvetaske-sort-smal-strib\\\/\"]}]},{\"@type\":\"ImageObject\",\"inLanguage\":\"de\",\"@id\":\"https:\\\/\\\/byelines.dk\\\/vare\\\/madam-graeskar-bast-kurvetaske-sort-smal-strib\\\/#primaryimage\",\"url\":\"https:\\\/\\\/byelines.dk\\\/wp-content\\\/uploads\\\/2024\\\/12\\\/1000008100.jpg\",\"contentUrl\":\"https:\\\/\\\/byelines.dk\\\/wp-content\\\/uploads\\\/2024\\\/12\\\/1000008100.jpg\",\"width\":1276,\"height\":1333},{\"@type\":\"BreadcrumbList\",\"@id\":\"https:\\\/\\\/byelines.dk\\\/vare\\\/madam-graeskar-bast-kurvetaske-sort-smal-strib\\\/#breadcrumb\",\"itemListElement\":[{\"@type\":\"ListItem\",\"position\":1,\"name\":\"Hjem\",\"item\":\"https:\\\/\\\/byelines.dk\\\/\"},{\"@type\":\"ListItem\",\"position\":2,\"name\":\"Shop\",\"item\":\"https:\\\/\\\/byelines.dk\\\/livstils-webshop\\\/\"},{\"@type\":\"ListItem\",\"position\":3,\"name\":\"Madam Gr\u00e6skar bast kurvetaske &#8211; smal strib\"}]},{\"@type\":\"WebSite\",\"@id\":\"https:\\\/\\\/byelines.dk\\\/#website\",\"url\":\"https:\\\/\\\/byelines.dk\\\/\",\"name\":\"BY Elines\",\"description\":\"interi\u00f8r, design, strikketilbeh\u00f8r og fairtrade produkter\",\"publisher\":{\"@id\":\"https:\\\/\\\/byelines.dk\\\/#organization\"},\"potentialAction\":[{\"@type\":\"SearchAction\",\"target\":{\"@type\":\"EntryPoint\",\"urlTemplate\":\"https:\\\/\\\/byelines.dk\\\/?s={search_term_string}\"},\"query-input\":{\"@type\":\"PropertyValueSpecification\",\"valueRequired\":true,\"valueName\":\"search_term_string\"}}],\"inLanguage\":\"de\"},{\"@type\":\"Organization\",\"@id\":\"https:\\\/\\\/byelines.dk\\\/#organization\",\"name\":\"BY Elines\",\"url\":\"https:\\\/\\\/byelines.dk\\\/\",\"logo\":{\"@type\":\"ImageObject\",\"inLanguage\":\"de\",\"@id\":\"https:\\\/\\\/byelines.dk\\\/#\\\/schema\\\/logo\\\/image\\\/\",\"url\":\"https:\\\/\\\/byelines.dk\\\/wp-content\\\/uploads\\\/2022\\\/02\\\/udkast-til-logo.png\",\"contentUrl\":\"https:\\\/\\\/byelines.dk\\\/wp-content\\\/uploads\\\/2022\\\/02\\\/udkast-til-logo.png\",\"width\":428,\"height\":181,\"caption\":\"BY Elines\"},\"image\":{\"@id\":\"https:\\\/\\\/byelines.dk\\\/#\\\/schema\\\/logo\\\/image\\\/\"},\"sameAs\":[\"https:\\\/\\\/www.facebook.com\\\/elineskeramik-retro\",\"https:\\\/\\\/www.instagram.com\\\/elines_keramik_retro\\\/\"]}]}<\/script>\n<!-- \/ Yoast SEO plugin. -->","yoast_head_json":{"title":"Madam Gr\u00e6skar bast kurvetaske - smal strib - BY Elines","description":"Die Korbtasche \u201eMadam Pumpkin\u201c ist aus Gras und Bast, Leder und Baumwolle gefertigt. Die K\u00f6rbe sind formstabil und an den Ecken mit Leder verst\u00e4rkt. \u2013 Von Elines","robots":{"index":"index","follow":"follow","max-snippet":"max-snippet:-1","max-image-preview":"max-image-preview:large","max-video-preview":"max-video-preview:-1"},"canonical":"https:\/\/byelines.dk\/de\/produkt\/madam-graeskar-bast-kurvetaske-sort-smal-strib\/","og_locale":"de_DE","og_type":"article","og_title":"Madam Gr\u00e6skar bast kurvetaske - smal strib - BY Elines","og_description":"Madam Gr\u00e6skar kurvetaske lavet af Gr\u00e6s og bast, l\u00e6der og bommuld. Kurvene har en stabil form, og hj\u00f8rnerne er forst\u00e6rkede med l\u00e6der. - BY Elines","og_url":"https:\/\/byelines.dk\/de\/produkt\/madam-graeskar-bast-kurvetaske-sort-smal-strib\/","og_site_name":"BY Elines","article_publisher":"https:\/\/www.facebook.com\/elineskeramik-retro","article_modified_time":"2026-03-12T19:48:00+00:00","og_image":[{"width":1276,"height":1333,"url":"https:\/\/byelines.dk\/wp-content\/uploads\/2024\/12\/1000008100.jpg","type":"image\/jpeg"}],"twitter_card":"summary_large_image","twitter_misc":{"Gesch\u00e4tzte Lesezeit":"1\u00a0Minute"},"schema":{"@context":"https:\/\/schema.org","@graph":[{"@type":"WebPage","@id":"https:\/\/byelines.dk\/vare\/madam-graeskar-bast-kurvetaske-sort-smal-strib\/","url":"https:\/\/byelines.dk\/vare\/madam-graeskar-bast-kurvetaske-sort-smal-strib\/","name":"Madam Gr\u00e6skar bast kurvetaske - smal strib - BY Elines","isPartOf":{"@id":"https:\/\/byelines.dk\/#website"},"primaryImageOfPage":{"@id":"https:\/\/byelines.dk\/vare\/madam-graeskar-bast-kurvetaske-sort-smal-strib\/#primaryimage"},"image":{"@id":"https:\/\/byelines.dk\/vare\/madam-graeskar-bast-kurvetaske-sort-smal-strib\/#primaryimage"},"thumbnailUrl":"https:\/\/byelines.dk\/wp-content\/uploads\/2024\/12\/1000008100.jpg","datePublished":"2024-12-05T18:05:55+00:00","dateModified":"2026-03-12T19:48:00+00:00","description":"Die Korbtasche \u201eMadam Pumpkin\u201c ist aus Gras und Bast, Leder und Baumwolle gefertigt. Die K\u00f6rbe sind formstabil und an den Ecken mit Leder verst\u00e4rkt. \u2013 Von Elines","breadcrumb":{"@id":"https:\/\/byelines.dk\/vare\/madam-graeskar-bast-kurvetaske-sort-smal-strib\/#breadcrumb"},"inLanguage":"de","potentialAction":[{"@type":"ReadAction","target":["https:\/\/byelines.dk\/vare\/madam-graeskar-bast-kurvetaske-sort-smal-strib\/"]}]},{"@type":"ImageObject","inLanguage":"de","@id":"https:\/\/byelines.dk\/vare\/madam-graeskar-bast-kurvetaske-sort-smal-strib\/#primaryimage","url":"https:\/\/byelines.dk\/wp-content\/uploads\/2024\/12\/1000008100.jpg","contentUrl":"https:\/\/byelines.dk\/wp-content\/uploads\/2024\/12\/1000008100.jpg","width":1276,"height":1333},{"@type":"BreadcrumbList","@id":"https:\/\/byelines.dk\/vare\/madam-graeskar-bast-kurvetaske-sort-smal-strib\/#breadcrumb","itemListElement":[{"@type":"ListItem","position":1,"name":"Hjem","item":"https:\/\/byelines.dk\/"},{"@type":"ListItem","position":2,"name":"Shop","item":"https:\/\/byelines.dk\/livstils-webshop\/"},{"@type":"ListItem","position":3,"name":"Madam Gr\u00e6skar bast kurvetaske &#8211; smal strib"}]},{"@type":"WebSite","@id":"https:\/\/byelines.dk\/#website","url":"https:\/\/byelines.dk\/","name":"BY Elines","description":"Interieur, Design, Strickaccessoires und Fair-Trade-Produkte","publisher":{"@id":"https:\/\/byelines.dk\/#organization"},"potentialAction":[{"@type":"SearchAction","target":{"@type":"EntryPoint","urlTemplate":"https:\/\/byelines.dk\/?s={search_term_string}"},"query-input":{"@type":"PropertyValueSpecification","valueRequired":true,"valueName":"search_term_string"}}],"inLanguage":"de"},{"@type":"Organization","@id":"https:\/\/byelines.dk\/#organization","name":"BY Elines","url":"https:\/\/byelines.dk\/","logo":{"@type":"ImageObject","inLanguage":"de","@id":"https:\/\/byelines.dk\/#\/schema\/logo\/image\/","url":"https:\/\/byelines.dk\/wp-content\/uploads\/2022\/02\/udkast-til-logo.png","contentUrl":"https:\/\/byelines.dk\/wp-content\/uploads\/2022\/02\/udkast-til-logo.png","width":428,"height":181,"caption":"BY Elines"},"image":{"@id":"https:\/\/byelines.dk\/#\/schema\/logo\/image\/"},"sameAs":["https:\/\/www.facebook.com\/elineskeramik-retro","https:\/\/www.instagram.com\/elines_keramik_retro\/"]}]}},"_links":{"self":[{"href":"https:\/\/byelines.dk\/de\/wp-json\/wp\/v2\/product\/9472","targetHints":{"allow":["GET"]}}],"collection":[{"href":"https:\/\/byelines.dk\/de\/wp-json\/wp\/v2\/product"}],"about":[{"href":"https:\/\/byelines.dk\/de\/wp-json\/wp\/v2\/types\/product"}],"version-history":[{"count":5,"href":"https:\/\/byelines.dk\/de\/wp-json\/wp\/v2\/product\/9472\/revisions"}],"predecessor-version":[{"id":10886,"href":"https:\/\/byelines.dk\/de\/wp-json\/wp\/v2\/product\/9472\/revisions\/10886"}],"wp:featuredmedia":[{"embeddable":true,"href":"https:\/\/byelines.dk\/de\/wp-json\/wp\/v2\/media\/12276"}],"wp:attachment":[{"href":"https:\/\/byelines.dk\/de\/wp-json\/wp\/v2\/media?parent=9472"}],"wp:term":[{"taxonomy":"product_brand","embeddable":true,"href":"https:\/\/byelines.dk\/de\/wp-json\/wp\/v2\/product_brand?post=9472"},{"taxonomy":"product_cat","embeddable":true,"href":"https:\/\/byelines.dk\/de\/wp-json\/wp\/v2\/product_cat?post=9472"},{"taxonomy":"product_tag","embeddable":true,"href":"https:\/\/byelines.dk\/de\/wp-json\/wp\/v2\/product_tag?post=9472"}],"curies":[{"name":"wp","href":"https:\/\/api.w.org\/{rel}","templated":true}]}}